{"id":8296,"date":"2024-03-01T14:30:32","date_gmt":"2024-03-01T14:30:32","guid":{"rendered":"https:\/\/icom-digital.net\/a-contributing-partner-in-businessmen-and-women\/"},"modified":"2024-03-17T13:04:04","modified_gmt":"2024-03-17T13:04:04","slug":"un-partner-che-contribuisce-a-uomini-e-donne-daffari","status":"publish","type":"page","link":"https:\/\/icom-digital.net\/it\/un-partner-che-contribuisce-a-uomini-e-donne-daffari\/","title":{"rendered":"Un partner che contribuisce a uomini e donne d&#8217;affari"},"content":{"rendered":"\t\t<div data-elementor-type=\"wp-page\" data-elementor-id=\"8296\" class=\"elementor elementor-8296\" data-elementor-settings=\"{&quot;ha_cmc_init_switcher&quot;:&quot;no&quot;}\">\n\t\t\t\t\t\t<section class=\"elementor-section elementor-top-section elementor-element elementor-element-0baffd5 elementor-section-height-min-height elementor-section-boxed elementor-section-height-default elementor-section-items-middle wpr-particle-no wpr-jarallax-no wpr-parallax-no wpr-sticky-section-no wpr-equal-height-no\" data-id=\"0baffd5\" data-element_type=\"section\" data-e-type=\"section\" data-settings=\"{&quot;background_background&quot;:&quot;classic&quot;,&quot;_ha_eqh_enable&quot;:false}\">\n\t\t\t\t\t\t\t<div class=\"elementor-background-overlay\"><\/div>\n\t\t\t\t\t\t\t<div class=\"elementor-container elementor-column-gap-default\">\n\t\t\t\t\t<div class=\"elementor-column elementor-col-100 elementor-top-column elementor-element elementor-element-0ce2cbf\" data-id=\"0ce2cbf\" data-element_type=\"column\" data-e-type=\"column\">\n\t\t\t<div class=\"elementor-widget-wrap elementor-element-populated\">\n\t\t\t\t\t\t<div class=\"elementor-element elementor-element-6c5b48d elementor-widget elementor-widget-heading\" data-id=\"6c5b48d\" data-element_type=\"widget\" data-e-type=\"widget\" data-widget_type=\"heading.default\">\n\t\t\t\t<div class=\"elementor-widget-container\">\n\t\t\t\t\t<h2 class=\"elementor-heading-title elementor-size-default\">Richiedi di diventare un socio azionista di Alliyanz Holding per uomini e donne d'affari<\/h2>\t\t\t\t<\/div>\n\t\t\t\t<\/div>\n\t\t\t\t<div class=\"elementor-element elementor-element-59c13a7 elementor-widget-divider--view-line elementor-widget elementor-widget-divider\" data-id=\"59c13a7\" data-element_type=\"widget\" data-e-type=\"widget\" data-widget_type=\"divider.default\">\n\t\t\t\t<div class=\"elementor-widget-container\">\n\t\t\t\t\t\t\t<div class=\"elementor-divider\">\n\t\t\t<span class=\"elementor-divider-separator\">\n\t\t\t\t\t\t<\/span>\n\t\t<\/div>\n\t\t\t\t\t\t<\/div>\n\t\t\t\t<\/div>\n\t\t\t\t\t<\/div>\n\t\t<\/div>\n\t\t\t\t\t<\/div>\n\t\t<\/section>\n\t\t\t\t<section class=\"elementor-section elementor-top-section elementor-element elementor-element-0c5fed8 elementor-section-boxed elementor-section-height-default elementor-section-height-default wpr-particle-no wpr-jarallax-no wpr-parallax-no wpr-sticky-section-no wpr-equal-height-no\" data-id=\"0c5fed8\" data-element_type=\"section\" data-e-type=\"section\" data-settings=\"{&quot;_ha_eqh_enable&quot;:false}\">\n\t\t\t\t\t\t<div class=\"elementor-container elementor-column-gap-default\">\n\t\t\t\t\t<div class=\"elementor-column elementor-col-100 elementor-top-column elementor-element elementor-element-965cd25\" data-id=\"965cd25\" data-element_type=\"column\" data-e-type=\"column\">\n\t\t\t<div class=\"elementor-widget-wrap elementor-element-populated\">\n\t\t\t\t\t\t<div class=\"elementor-element elementor-element-e45b52f elementor-widget elementor-widget-text-editor\" data-id=\"e45b52f\" data-element_type=\"widget\" data-e-type=\"widget\" data-widget_type=\"text-editor.default\">\n\t\t\t\t<div class=\"elementor-widget-container\">\n\t\t\t\t\t\t\t\t\t<p><strong>Alliyanz Holding<\/strong> Si prevede che Alliyanz Holding consentir\u00e0 a imprese, istituzioni e imprenditori di acquisire quote nelle sue attivit\u00e0, servizi e societ\u00e0 al fine di aumentare il capitale operativo e sostenere l&#8217;espansione del gruppo e delle sue societ\u00e0 controllate in molti paesi del mondo<br \/>Richiedi di diventare socio attivista di Alliyanze Holding, \u00e8 necessario fornire<\/p>\t\t\t\t\t\t\t\t<\/div>\n\t\t\t\t<\/div>\n\t\t\t\t\t<\/div>\n\t\t<\/div>\n\t\t\t\t\t<\/div>\n\t\t<\/section>\n\t\t\t\t<section class=\"elementor-section elementor-top-section elementor-element elementor-element-d17265c elementor-section-boxed elementor-section-height-default elementor-section-height-default wpr-particle-no wpr-jarallax-no wpr-parallax-no wpr-sticky-section-no wpr-equal-height-no\" data-id=\"d17265c\" data-element_type=\"section\" data-e-type=\"section\" data-settings=\"{&quot;_ha_eqh_enable&quot;:false}\">\n\t\t\t\t\t\t<div class=\"elementor-container elementor-column-gap-default\">\n\t\t\t\t\t<div class=\"elementor-column elementor-col-100 elementor-top-column elementor-element elementor-element-6eccecd\" data-id=\"6eccecd\" data-element_type=\"column\" data-e-type=\"column\">\n\t\t\t<div class=\"elementor-widget-wrap elementor-element-populated\">\n\t\t\t\t\t\t<div class=\"elementor-element elementor-element-7fe29b8 elementor-widget elementor-widget-shortcode\" data-id=\"7fe29b8\" data-element_type=\"widget\" data-e-type=\"widget\" data-widget_type=\"shortcode.default\">\n\t\t\t\t<div class=\"elementor-widget-container\">\n\t\t\t\t\t\t\t<div class=\"elementor-shortcode\"><div class=\"forminator-ui forminator-custom-form forminator-custom-form-8285 forminator-design--material  forminator_ajax\" data-forminator-render=\"0\" data-form=\"forminator-module-8285\" data-uid=\"69e1e76aee5ee\"><br\/><\/div><form\n\t\t\t\tid=\"forminator-module-8285\"\n\t\t\t\tclass=\"forminator-ui forminator-custom-form forminator-custom-form-8285 forminator-design--material  forminator_ajax\"\n\t\t\t\tmethod=\"post\"\n\t\t\t\tdata-forminator-render=\"0\"\n\t\t\t\tdata-form-id=\"8285\"\n\t\t\t\t data-color-option=\"default\" data-design=\"material\" data-grid=\"open\" style=\"display: none;\"\n\t\t\t\tdata-uid=\"69e1e76aee5ee\"\n\t\t\t><div role=\"alert\" aria-live=\"polite\" class=\"forminator-response-message forminator-error\" aria-hidden=\"true\"><\/div><div class=\"forminator-row\"><div id=\"name-1\" class=\"forminator-field-name forminator-col forminator-col-6 \"><div class=\"forminator-field\"><label for=\"forminator-field-name-1_69e1e76aee5ee\" id=\"forminator-field-name-1_69e1e76aee5ee-label\" class=\"forminator-label\">Nome e cognome <span class=\"forminator-required\">*<\/span><\/label><input type=\"text\" name=\"name-1\" value=\"\" placeholder=\"\" id=\"forminator-field-name-1_69e1e76aee5ee\" class=\"forminator-input forminator-name--field\" aria-required=\"true\" autocomplete=\"name\" \/><\/div><\/div><div id=\"phone-2\" class=\"forminator-field-phone forminator-col forminator-col-6 \"><div class=\"forminator-field\"><label for=\"forminator-field-phone-2_69e1e76aee5ee\" id=\"forminator-field-phone-2_69e1e76aee5ee-label\" class=\"forminator-label\">Numero di telefono <span class=\"forminator-required\">*<\/span><\/label><input type=\"text\" name=\"phone-2\" value=\"\" placeholder=\"\" id=\"forminator-field-phone-2_69e1e76aee5ee\" class=\"forminator-input forminator-field--phone\" data-required=\"1\" aria-required=\"true\" autocomplete=\"off\" \/><\/div><\/div><\/div><div class=\"forminator-row\"><div id=\"email-1\" class=\"forminator-field-email forminator-col forminator-col-12 \"><div class=\"forminator-field\"><label for=\"forminator-field-email-1_69e1e76aee5ee\" id=\"forminator-field-email-1_69e1e76aee5ee-label\" class=\"forminator-label\">L&#039;e-mail<\/label><input type=\"email\" name=\"email-1\" value=\"\" placeholder=\"\" id=\"forminator-field-email-1_69e1e76aee5ee\" class=\"forminator-input forminator-email--field\" data-required=\"\" aria-required=\"false\" autocomplete=\"email\" \/><\/div><\/div><\/div><div class=\"forminator-row\"><div id=\"name-2\" class=\"forminator-field-name forminator-col forminator-col-6 \"><div class=\"forminator-field\"><label for=\"forminator-field-name-2_69e1e76aee5ee\" id=\"forminator-field-name-2_69e1e76aee5ee-label\" class=\"forminator-label\">Il Paese <span class=\"forminator-required\">*<\/span><\/label><input type=\"text\" name=\"name-2\" value=\"\" placeholder=\"\" id=\"forminator-field-name-2_69e1e76aee5ee\" class=\"forminator-input forminator-name--field\" aria-required=\"true\" autocomplete=\"name\" \/><\/div><\/div><div id=\"name-3\" class=\"forminator-field-name forminator-col forminator-col-6 \"><div class=\"forminator-field\"><label for=\"forminator-field-name-3_69e1e76aee5ee\" id=\"forminator-field-name-3_69e1e76aee5ee-label\" class=\"forminator-label\">La citt\u00e0 <span class=\"forminator-required\">*<\/span><\/label><input type=\"text\" name=\"name-3\" value=\"\" placeholder=\"\" id=\"forminator-field-name-3_69e1e76aee5ee\" class=\"forminator-input forminator-name--field\" aria-required=\"true\" autocomplete=\"name\" \/><\/div><\/div><\/div><div class=\"forminator-row\"><div id=\"textarea-1\" class=\"forminator-field-textarea forminator-col forminator-col-12 \"><div class=\"forminator-field\"><label for=\"forminator-field-textarea-1_69e1e76aee5ee\" id=\"forminator-field-textarea-1_69e1e76aee5ee-label\" class=\"forminator-label\">Hai gi\u00e0 svolto attivit\u00e0 freelance? Ne parliamo in breve <span class=\"forminator-required\">*<\/span><\/label><textarea name=\"textarea-1\" placeholder=\"\" id=\"forminator-field-textarea-1_69e1e76aee5ee\" class=\"forminator-textarea\" rows=\"6\" style=\"min-height:140px;\" ><\/textarea><span id=\"forminator-field-textarea-1_69e1e76aee5ee-description\" class=\"forminator-description\"><span data-limit=\"500\" data-type=\"words\" data-editor=\"\">0 \/ 500<\/span><\/span><\/div><\/div><\/div><div class=\"forminator-row\"><div id=\"text-1\" class=\"forminator-field-text forminator-col forminator-col-12 \"><div class=\"forminator-field\"><label for=\"forminator-field-text-1_69e1e76aee5ee\" id=\"forminator-field-text-1_69e1e76aee5ee-label\" class=\"forminator-label\">Il capitale che desideri investire in una delle nostre societ\u00e0 ($) <span class=\"forminator-required\">*<\/span><\/label><input type=\"text\" name=\"text-1\" value=\"\" placeholder=\"\" id=\"forminator-field-text-1_69e1e76aee5ee\" class=\"forminator-input forminator-name--field\" data-required=\"1\" \/><\/div><\/div><\/div><div class=\"forminator-row\"><div id=\"group-1\" class=\"forminator-field-group forminator-col forminator-col-12 \"><div class=\"forminator-all-group-copies forminator-repeater-field\"><div class=\"forminator-grouped-fields\" data-options=\"{&quot;is_repeater&quot;:true,&quot;min_type&quot;:&quot;custom&quot;,&quot;max_type&quot;:&quot;custom&quot;,&quot;min&quot;:1,&quot;max&quot;:9223372036854775807,&quot;add_text&quot;:&quot;Add item&quot;,&quot;remove_text&quot;:&quot;Remove item&quot;,&quot;action_element_type&quot;:&quot;button&quot;}\"><div class=\"forminator-row\"><div id=\"radio-3\" class=\"forminator-field-radio forminator-col forminator-col-12 \"><div role=\"radiogroup\" class=\"forminator-field\" aria-labelledby=\"forminator-radiogroup-radio-3-69e1e76aee5ee-label\"><span id=\"forminator-radiogroup-radio-3-69e1e76aee5ee-label\" class=\"forminator-label\">Attualmente svolgi altri settori lavorativi?<\/span><label id=\"forminator-field-radio-3-label-1\" for=\"forminator-field-radio-3-1-69e1e76aee5ee\" class=\"forminator-radio\" title=\"No, non abbiamo altre aree di business\"><input type=\"radio\" name=\"radio-3\" value=\"one\" id=\"forminator-field-radio-3-1-69e1e76aee5ee\" aria-labelledby=\"forminator-field-radio-3-label-1\" data-calculation=\"0\"   data-hidden-behavior=\"zero\"\/><span class=\"forminator-radio-bullet\" aria-hidden=\"true\"><\/span><span class=\"forminator-radio-label\">No, non abbiamo altre aree di business<\/span><\/label><label id=\"forminator-field-radio-3-label-2\" for=\"forminator-field-radio-3-2-69e1e76aee5ee\" class=\"forminator-radio\" title=\"S\u00ec, abbiamo altre aree di business\"><input type=\"radio\" name=\"radio-3\" value=\"two\" id=\"forminator-field-radio-3-2-69e1e76aee5ee\" aria-labelledby=\"forminator-field-radio-3-label-2\" data-calculation=\"0\"   data-hidden-behavior=\"zero\"\/><span class=\"forminator-radio-bullet\" aria-hidden=\"true\"><\/span><span class=\"forminator-radio-label\">S\u00ec, abbiamo altre aree di business<\/span><\/label><\/div><\/div><\/div><div class=\"forminator-row\"><div id=\"text-2\" class=\"forminator-field-text forminator-col forminator-col-12 \"><div class=\"forminator-field\"><input type=\"text\" name=\"text-2\" value=\"1.\" placeholder=\"\" id=\"forminator-field-text-2_69e1e76aee5ee\" class=\"forminator-input forminator-name--field\" data-required=\"\" \/><\/div><\/div><\/div><div class=\"forminator-row\"><div id=\"text-3\" class=\"forminator-field-text forminator-col forminator-col-12 \"><div class=\"forminator-field\"><input type=\"text\" name=\"text-3\" value=\"2.\" placeholder=\"\" id=\"forminator-field-text-3_69e1e76aee5ee\" class=\"forminator-input forminator-name--field\" data-required=\"\" \/><\/div><\/div><\/div><div class=\"forminator-row\"><div id=\"text-4\" class=\"forminator-field-text forminator-col forminator-col-12 \"><div class=\"forminator-field\"><input type=\"text\" name=\"text-4\" value=\"3.\" placeholder=\"\" id=\"forminator-field-text-4_69e1e76aee5ee\" class=\"forminator-input forminator-name--field\" data-required=\"\" \/><\/div><\/div><\/div><div class=\"forminator-row forminator-action-buttons\"><div class=\"forminator-col forminator-col-12\"><input type=\"button\" value=\"Add item\" class=\"forminator-repeater-action-button forminator-repeater-add\" \/><input type=\"button\" value=\"Remove item\" class=\"forminator-repeater-action-button forminator-repeater-remove\" \/><\/div><\/div><\/div><\/div><\/div><\/div><div class=\"forminator-row\"><div id=\"textarea-2\" class=\"forminator-field-textarea forminator-col forminator-col-12 \"><div class=\"forminator-field\"><label for=\"forminator-field-textarea-2_69e1e76aee5ee\" id=\"forminator-field-textarea-2_69e1e76aee5ee-label\" class=\"forminator-label\">Cosa ti ha spinto a considerare di diventare azionista di Alliyanz Holding?<\/label><textarea name=\"textarea-2\" placeholder=\"\" id=\"forminator-field-textarea-2_69e1e76aee5ee\" class=\"forminator-textarea\" rows=\"6\" style=\"min-height:140px;\" ><\/textarea><\/div><\/div><\/div><div class=\"forminator-row\"><div id=\"checkbox-1\" class=\"forminator-field-checkbox forminator-col forminator-col-12 \"><div role=\"group\" class=\"forminator-field\" aria-labelledby=\"forminator-checkbox-group-forminator-field-checkbox-1-69e1e76aee5ee-label\"><span id=\"forminator-checkbox-group-forminator-field-checkbox-1-69e1e76aee5ee-label\" class=\"forminator-label\">Di quale azienda vorresti diventare azionista?<\/span><label id=\"forminator-field-checkbox-1-1-69e1e76aee5ee-label\" for=\"forminator-field-checkbox-1-1-69e1e76aee5ee\" class=\"forminator-checkbox\" title=\"Alliyanz Trading\"><input type=\"checkbox\" name=\"checkbox-1[]\" value=\"one\" id=\"forminator-field-checkbox-1-1-69e1e76aee5ee\" aria-labelledby=\"forminator-field-checkbox-1-1-69e1e76aee5ee-label\" data-calculation=\"0\"   data-hidden-behavior=\"zero\"\/><span class=\"forminator-checkbox-box\" aria-hidden=\"true\"><\/span><span class=\"forminator-checkbox-label\">Alliyanz Trading<\/span><\/label><label id=\"forminator-field-checkbox-1-2-69e1e76aee5ee-label\" for=\"forminator-field-checkbox-1-2-69e1e76aee5ee\" class=\"forminator-checkbox\" title=\"Alliyanz Construction\"><input type=\"checkbox\" name=\"checkbox-1[]\" value=\"two\" id=\"forminator-field-checkbox-1-2-69e1e76aee5ee\" aria-labelledby=\"forminator-field-checkbox-1-2-69e1e76aee5ee-label\" data-calculation=\"0\"   data-hidden-behavior=\"zero\"\/><span class=\"forminator-checkbox-box\" aria-hidden=\"true\"><\/span><span class=\"forminator-checkbox-label\">Alliyanz Construction<\/span><\/label><label id=\"forminator-field-checkbox-1-3-69e1e76aee5ee-label\" for=\"forminator-field-checkbox-1-3-69e1e76aee5ee\" class=\"forminator-checkbox\" title=\"Alliyanz Housing\"><input type=\"checkbox\" name=\"checkbox-1[]\" value=\"Alliyanz-Housing\" id=\"forminator-field-checkbox-1-3-69e1e76aee5ee\" aria-labelledby=\"forminator-field-checkbox-1-3-69e1e76aee5ee-label\" data-calculation=\"0\"   data-hidden-behavior=\"zero\"\/><span class=\"forminator-checkbox-box\" aria-hidden=\"true\"><\/span><span class=\"forminator-checkbox-label\">Alliyanz Housing<\/span><\/label><label id=\"forminator-field-checkbox-1-4-69e1e76aee5ee-label\" for=\"forminator-field-checkbox-1-4-69e1e76aee5ee\" class=\"forminator-checkbox\" title=\"Alliyanz Sports Investment\"><input type=\"checkbox\" name=\"checkbox-1[]\" value=\"Alliyanz-Sports-Investment\" id=\"forminator-field-checkbox-1-4-69e1e76aee5ee\" aria-labelledby=\"forminator-field-checkbox-1-4-69e1e76aee5ee-label\" data-calculation=\"0\"   data-hidden-behavior=\"zero\"\/><span class=\"forminator-checkbox-box\" aria-hidden=\"true\"><\/span><span class=\"forminator-checkbox-label\">Alliyanz Sports Investment<\/span><\/label><label id=\"forminator-field-checkbox-1-5-69e1e76aee5ee-label\" for=\"forminator-field-checkbox-1-5-69e1e76aee5ee\" class=\"forminator-checkbox\" title=\"Alliyanz Technology\"><input type=\"checkbox\" name=\"checkbox-1[]\" value=\"Alliyanz-Technology\" id=\"forminator-field-checkbox-1-5-69e1e76aee5ee\" aria-labelledby=\"forminator-field-checkbox-1-5-69e1e76aee5ee-label\" data-calculation=\"0\"   data-hidden-behavior=\"zero\"\/><span class=\"forminator-checkbox-box\" aria-hidden=\"true\"><\/span><span class=\"forminator-checkbox-label\">Alliyanz Technology<\/span><\/label><label id=\"forminator-field-checkbox-1-6-69e1e76aee5ee-label\" for=\"forminator-field-checkbox-1-6-69e1e76aee5ee\" class=\"forminator-checkbox\" title=\"Alliyanz Design\"><input type=\"checkbox\" name=\"checkbox-1[]\" value=\"Alliyanz-Design\" id=\"forminator-field-checkbox-1-6-69e1e76aee5ee\" aria-labelledby=\"forminator-field-checkbox-1-6-69e1e76aee5ee-label\" data-calculation=\"0\"   data-hidden-behavior=\"zero\"\/><span class=\"forminator-checkbox-box\" aria-hidden=\"true\"><\/span><span class=\"forminator-checkbox-label\">Alliyanz Design<\/span><\/label><label id=\"forminator-field-checkbox-1-7-69e1e76aee5ee-label\" for=\"forminator-field-checkbox-1-7-69e1e76aee5ee\" class=\"forminator-checkbox\" title=\"Alliyanz Tours\"><input type=\"checkbox\" name=\"checkbox-1[]\" value=\"Alliyanz-Tours\" id=\"forminator-field-checkbox-1-7-69e1e76aee5ee\" aria-labelledby=\"forminator-field-checkbox-1-7-69e1e76aee5ee-label\" data-calculation=\"0\"   data-hidden-behavior=\"zero\"\/><span class=\"forminator-checkbox-box\" aria-hidden=\"true\"><\/span><span class=\"forminator-checkbox-label\">Alliyanz Tours<\/span><\/label><label id=\"forminator-field-checkbox-1-8-69e1e76aee5ee-label\" for=\"forminator-field-checkbox-1-8-69e1e76aee5ee\" class=\"forminator-checkbox\" title=\"Alliyanz Medical\"><input type=\"checkbox\" name=\"checkbox-1[]\" value=\"Alliyanz-Medical\" id=\"forminator-field-checkbox-1-8-69e1e76aee5ee\" aria-labelledby=\"forminator-field-checkbox-1-8-69e1e76aee5ee-label\" data-calculation=\"0\"   data-hidden-behavior=\"zero\"\/><span class=\"forminator-checkbox-box\" aria-hidden=\"true\"><\/span><span class=\"forminator-checkbox-label\">Alliyanz Medical<\/span><\/label><label id=\"forminator-field-checkbox-1-9-69e1e76aee5ee-label\" for=\"forminator-field-checkbox-1-9-69e1e76aee5ee\" class=\"forminator-checkbox\" title=\"Alliyanz Energy\"><input type=\"checkbox\" name=\"checkbox-1[]\" value=\"Alliyanz-Energy\" id=\"forminator-field-checkbox-1-9-69e1e76aee5ee\" aria-labelledby=\"forminator-field-checkbox-1-9-69e1e76aee5ee-label\" data-calculation=\"0\"   data-hidden-behavior=\"zero\"\/><span class=\"forminator-checkbox-box\" aria-hidden=\"true\"><\/span><span class=\"forminator-checkbox-label\">Alliyanz Energy<\/span><\/label><label id=\"forminator-field-checkbox-1-10-69e1e76aee5ee-label\" for=\"forminator-field-checkbox-1-10-69e1e76aee5ee\" class=\"forminator-checkbox\" title=\"Alliyanz Charity\"><input type=\"checkbox\" name=\"checkbox-1[]\" value=\"Alliyanz-Charity\" id=\"forminator-field-checkbox-1-10-69e1e76aee5ee\" aria-labelledby=\"forminator-field-checkbox-1-10-69e1e76aee5ee-label\" data-calculation=\"0\"   data-hidden-behavior=\"zero\"\/><span class=\"forminator-checkbox-box\" aria-hidden=\"true\"><\/span><span class=\"forminator-checkbox-label\">Alliyanz Charity<\/span><\/label><label id=\"forminator-field-checkbox-1-11-69e1e76aee5ee-label\" for=\"forminator-field-checkbox-1-11-69e1e76aee5ee\" class=\"forminator-checkbox\" title=\"Alliyanz Air\"><input type=\"checkbox\" name=\"checkbox-1[]\" value=\"Alliyanz-Air\" id=\"forminator-field-checkbox-1-11-69e1e76aee5ee\" aria-labelledby=\"forminator-field-checkbox-1-11-69e1e76aee5ee-label\" data-calculation=\"0\"   data-hidden-behavior=\"zero\"\/><span class=\"forminator-checkbox-box\" aria-hidden=\"true\"><\/span><span class=\"forminator-checkbox-label\">Alliyanz Air<\/span><\/label><\/div><\/div><\/div><input type=\"hidden\" name=\"referer_url\" value=\"\" \/><div class=\"forminator-row forminator-row-last\"><div class=\"forminator-col\"><div class=\"forminator-field\"><button class=\"forminator-button forminator-button-submit\"><span>Send the request<\/span><span aria-hidden=\"true\"><\/span><\/button><\/div><\/div><\/div><input type=\"hidden\" id=\"forminator_nonce\" name=\"forminator_nonce\" value=\"8f4018a5fd\" \/><input type=\"hidden\" name=\"_wp_http_referer\" value=\"\/it\/wp-json\/wp\/v2\/pages\/8296\" \/><input type=\"hidden\" name=\"form_id\" value=\"8285\"><input type=\"hidden\" name=\"page_id\" value=\"8296\"><input type=\"hidden\" name=\"form_type\" value=\"default\"><input type=\"hidden\" name=\"current_url\" value=\"https:\/\/icom-digital.net\/it\/un-partner-che-contribuisce-a-uomini-e-donne-daffari\/\"><input type=\"hidden\" name=\"render_id\" value=\"0\"><input type=\"hidden\" name=\"action\" value=\"forminator_submit_form_custom-forms\"><\/form><\/div>\n\t\t\t\t\t\t<\/div>\n\t\t\t\t<\/div>\n\t\t\t\t\t<\/div>\n\t\t<\/div>\n\t\t\t\t\t<\/div>\n\t\t<\/section>\n\t\t\t\t<\/div>\n\t\t","protected":false},"excerpt":{"rendered":"<p>Richiedi di diventare un socio azionista di Alliyanz Holding per uomini e donne d&#8217;affari Alliyanz Holding Si prevede che Alliyanz Holding consentir\u00e0 a imprese, istituzioni e imprenditori di acquisire quote nelle sue attivit\u00e0, servizi e societ\u00e0 al fine di aumentare il capitale operativo e sostenere l&#8217;espansione del gruppo e delle sue societ\u00e0 controllate in molti paesi del mondoRichiedi di diventare socio attivista di Alliyanze Holding, \u00e8 necessario fornire<\/p>\n","protected":false},"author":1,"featured_media":0,"parent":0,"menu_order":0,"comment_status":"closed","ping_status":"closed","template":"","meta":{"footnotes":""},"class_list":["post-8296","page","type-page","status-publish","hentry"],"_links":{"self":[{"href":"https:\/\/icom-digital.net\/it\/wp-json\/wp\/v2\/pages\/8296","targetHints":{"allow":["GET"]}}],"collection":[{"href":"https:\/\/icom-digital.net\/it\/wp-json\/wp\/v2\/pages"}],"about":[{"href":"https:\/\/icom-digital.net\/it\/wp-json\/wp\/v2\/types\/page"}],"author":[{"embeddable":true,"href":"https:\/\/icom-digital.net\/it\/wp-json\/wp\/v2\/users\/1"}],"replies":[{"embeddable":true,"href":"https:\/\/icom-digital.net\/it\/wp-json\/wp\/v2\/comments?post=8296"}],"version-history":[{"count":7,"href":"https:\/\/icom-digital.net\/it\/wp-json\/wp\/v2\/pages\/8296\/revisions"}],"predecessor-version":[{"id":8303,"href":"https:\/\/icom-digital.net\/it\/wp-json\/wp\/v2\/pages\/8296\/revisions\/8303"}],"wp:attachment":[{"href":"https:\/\/icom-digital.net\/it\/wp-json\/wp\/v2\/media?parent=8296"}],"curies":[{"name":"wp","href":"https:\/\/api.w.org\/{rel}","templated":true}]}}