{"id":6835,"date":"2024-03-01T11:48:37","date_gmt":"2024-03-01T11:48:37","guid":{"rendered":"https:\/\/icom-digital.net\/be-a-contributor\/"},"modified":"2024-03-13T10:08:57","modified_gmt":"2024-03-13T10:08:57","slug":"be-a-contributor","status":"publish","type":"page","link":"https:\/\/icom-digital.net\/fr\/be-a-contributor\/","title":{"rendered":"Be a Contributor"},"content":{"rendered":"\t\t<div data-elementor-type=\"wp-page\" data-elementor-id=\"6835\" class=\"elementor elementor-6835\" data-elementor-settings=\"{&quot;ha_cmc_init_switcher&quot;:&quot;no&quot;}\">\n\t\t\t\t\t\t<section class=\"elementor-section elementor-top-section elementor-element elementor-element-e5f895b elementor-section-height-min-height elementor-section-boxed elementor-section-height-default elementor-section-items-middle wpr-particle-no wpr-jarallax-no wpr-parallax-no wpr-sticky-section-no wpr-equal-height-no\" data-id=\"e5f895b\" data-element_type=\"section\" data-e-type=\"section\" data-settings=\"{&quot;background_background&quot;:&quot;classic&quot;,&quot;_ha_eqh_enable&quot;:false}\">\n\t\t\t\t\t\t\t<div class=\"elementor-background-overlay\"><\/div>\n\t\t\t\t\t\t\t<div class=\"elementor-container elementor-column-gap-default\">\n\t\t\t\t\t<div class=\"elementor-column elementor-col-100 elementor-top-column elementor-element elementor-element-591c198\" data-id=\"591c198\" data-element_type=\"column\" data-e-type=\"column\">\n\t\t\t<div class=\"elementor-widget-wrap elementor-element-populated\">\n\t\t\t\t\t\t<div class=\"elementor-element elementor-element-50dd25d elementor-widget elementor-widget-heading\" data-id=\"50dd25d\" data-element_type=\"widget\" data-e-type=\"widget\" data-widget_type=\"heading.default\">\n\t\t\t\t<div class=\"elementor-widget-container\">\n\t\t\t\t\t<h2 class=\"elementor-heading-title elementor-size-default\">Postulez pour devenir actionnaire partenaire d'Alliyanz Holding pour les entreprises et les institutions<\/h2>\t\t\t\t<\/div>\n\t\t\t\t<\/div>\n\t\t\t\t<div class=\"elementor-element elementor-element-d36615b elementor-widget-divider--view-line elementor-widget elementor-widget-divider\" data-id=\"d36615b\" data-element_type=\"widget\" data-e-type=\"widget\" data-widget_type=\"divider.default\">\n\t\t\t\t<div class=\"elementor-widget-container\">\n\t\t\t\t\t\t\t<div class=\"elementor-divider\">\n\t\t\t<span class=\"elementor-divider-separator\">\n\t\t\t\t\t\t<\/span>\n\t\t<\/div>\n\t\t\t\t\t\t<\/div>\n\t\t\t\t<\/div>\n\t\t\t\t\t<\/div>\n\t\t<\/div>\n\t\t\t\t\t<\/div>\n\t\t<\/section>\n\t\t\t\t<section class=\"elementor-section elementor-top-section elementor-element elementor-element-5154911 elementor-section-boxed elementor-section-height-default elementor-section-height-default wpr-particle-no wpr-jarallax-no wpr-parallax-no wpr-sticky-section-no wpr-equal-height-no\" data-id=\"5154911\" data-element_type=\"section\" data-e-type=\"section\" data-settings=\"{&quot;_ha_eqh_enable&quot;:false}\">\n\t\t\t\t\t\t<div class=\"elementor-container elementor-column-gap-default\">\n\t\t\t\t\t<div class=\"elementor-column elementor-col-100 elementor-top-column elementor-element elementor-element-6c35d52\" data-id=\"6c35d52\" data-element_type=\"column\" data-e-type=\"column\">\n\t\t\t<div class=\"elementor-widget-wrap elementor-element-populated\">\n\t\t\t\t\t\t<div class=\"elementor-element elementor-element-ead8243 elementor-widget elementor-widget-text-editor\" data-id=\"ead8243\" data-element_type=\"widget\" data-e-type=\"widget\" data-widget_type=\"text-editor.default\">\n\t\t\t\t<div class=\"elementor-widget-container\">\n\t\t\t\t\t\t\t\t\t<p><b>Alliyanz Holding permet \u00e0 ceux qui souhaitent des entreprises, des institutions et des maisons commerciales en plus des hommes et des femmes d&rsquo;affaires d&rsquo;obtenir des actions de l&rsquo;entreprise dans diverses activit\u00e9s, services et entreprises afin d&rsquo;augmenter le capital d&rsquo;exploitation et de d\u00e9velopper l&rsquo;orientation de l&rsquo;entreprise dans l&rsquo;\u00e9largissement de tous les domaines et services de ses entreprises dans beaucoup de pays du monde.<\/b><\/p>\t\t\t\t\t\t\t\t<\/div>\n\t\t\t\t<\/div>\n\t\t\t\t\t<\/div>\n\t\t<\/div>\n\t\t\t\t\t<\/div>\n\t\t<\/section>\n\t\t\t\t<section class=\"elementor-section elementor-top-section elementor-element elementor-element-fc3d5f2 elementor-section-boxed elementor-section-height-default elementor-section-height-default wpr-particle-no wpr-jarallax-no wpr-parallax-no wpr-sticky-section-no wpr-equal-height-no\" data-id=\"fc3d5f2\" data-element_type=\"section\" data-e-type=\"section\" data-settings=\"{&quot;_ha_eqh_enable&quot;:false}\">\n\t\t\t\t\t\t<div class=\"elementor-container elementor-column-gap-default\">\n\t\t\t\t\t<div class=\"elementor-column elementor-col-100 elementor-top-column elementor-element elementor-element-1a7f091\" data-id=\"1a7f091\" data-element_type=\"column\" data-e-type=\"column\">\n\t\t\t<div class=\"elementor-widget-wrap elementor-element-populated\">\n\t\t\t\t\t\t<div class=\"elementor-element elementor-element-e79045a elementor-widget elementor-widget-shortcode\" data-id=\"e79045a\" data-element_type=\"widget\" data-e-type=\"widget\" data-widget_type=\"shortcode.default\">\n\t\t\t\t<div class=\"elementor-widget-container\">\n\t\t\t\t\t\t\t<div class=\"elementor-shortcode\"><div class=\"forminator-ui forminator-custom-form forminator-custom-form-6849 forminator-design--material  forminator_ajax\" data-forminator-render=\"0\" data-form=\"forminator-module-6849\" data-uid=\"69e1e85c1b1db\"><br\/><\/div><form\n\t\t\t\tid=\"forminator-module-6849\"\n\t\t\t\tclass=\"forminator-ui forminator-custom-form forminator-custom-form-6849 forminator-design--material  forminator_ajax\"\n\t\t\t\tmethod=\"post\"\n\t\t\t\tdata-forminator-render=\"0\"\n\t\t\t\tdata-form-id=\"6849\"\n\t\t\t\t data-color-option=\"default\" data-design=\"material\" data-grid=\"open\" style=\"display: none;\"\n\t\t\t\tdata-uid=\"69e1e85c1b1db\"\n\t\t\t><div role=\"alert\" aria-live=\"polite\" class=\"forminator-response-message forminator-error\" aria-hidden=\"true\"><\/div><div class=\"forminator-row\"><div id=\"name-1\" class=\"forminator-field-name forminator-col forminator-col-6 \"><div class=\"forminator-field\"><label for=\"forminator-field-name-1_69e1e85c1b1db\" id=\"forminator-field-name-1_69e1e85c1b1db-label\" class=\"forminator-label\">Nom de l&#039;entreprise <span class=\"forminator-required\">*<\/span><\/label><input type=\"text\" name=\"name-1\" value=\"\" placeholder=\"\" id=\"forminator-field-name-1_69e1e85c1b1db\" class=\"forminator-input forminator-name--field\" aria-required=\"true\" autocomplete=\"name\" \/><\/div><\/div><div id=\"phone-2\" class=\"forminator-field-phone forminator-col forminator-col-6 \"><div class=\"forminator-field\"><label for=\"forminator-field-phone-2_69e1e85c1b1db\" id=\"forminator-field-phone-2_69e1e85c1b1db-label\" class=\"forminator-label\">Le num\u00e9ro de mobile de la personne officielle <span class=\"forminator-required\">*<\/span><\/label><input type=\"text\" name=\"phone-2\" value=\"\" placeholder=\"E.g. +1 300 400 5000\" id=\"forminator-field-phone-2_69e1e85c1b1db\" class=\"forminator-input forminator-field--phone\" data-required=\"1\" aria-required=\"true\" autocomplete=\"off\" \/><\/div><\/div><\/div><div class=\"forminator-row\"><div id=\"phone-1\" class=\"forminator-field-phone forminator-col forminator-col-6 \"><div class=\"forminator-field\"><label for=\"forminator-field-phone-1_69e1e85c1b1db\" id=\"forminator-field-phone-1_69e1e85c1b1db-label\" class=\"forminator-label\">Num\u00e9ro de t\u00e9l\u00e9phone de l&#039;entreprise <span class=\"forminator-required\">*<\/span><\/label><input type=\"text\" name=\"phone-1\" value=\"\" placeholder=\"E.g. +1 300 400 5000\" id=\"forminator-field-phone-1_69e1e85c1b1db\" class=\"forminator-input forminator-field--phone\" data-required=\"1\" aria-required=\"true\" autocomplete=\"off\" \/><\/div><\/div><div id=\"email-1\" class=\"forminator-field-email forminator-col forminator-col-6 \"><div class=\"forminator-field\"><label for=\"forminator-field-email-1_69e1e85c1b1db\" id=\"forminator-field-email-1_69e1e85c1b1db-label\" class=\"forminator-label\">Email<\/label><input type=\"email\" name=\"email-1\" value=\"\" placeholder=\"\" id=\"forminator-field-email-1_69e1e85c1b1db\" class=\"forminator-input forminator-email--field\" data-required=\"\" aria-required=\"false\" autocomplete=\"email\" \/><\/div><\/div><\/div><div class=\"forminator-row\"><div id=\"url-1\" class=\"forminator-field-url forminator-col forminator-col-12 \"><div class=\"forminator-field\"><label for=\"forminator-field-url-1_69e1e85c1b1db\" id=\"forminator-field-url-1_69e1e85c1b1db-label\" class=\"forminator-label\">Le site Web de l&#039;entreprise <span class=\"forminator-required\">*<\/span><\/label><input type=\"url\" name=\"url-1\" value=\"\" placeholder=\"E.g. http:\/\/www.example.com\" id=\"forminator-field-url-1_69e1e85c1b1db\" class=\"forminator-input forminator-website--field\" data-required=\"1\" aria-required=\"true\" \/><\/div><\/div><\/div><div class=\"forminator-row\"><div id=\"name-2\" class=\"forminator-field-name forminator-col forminator-col-6 \"><div class=\"forminator-field\"><label for=\"forminator-field-name-2_69e1e85c1b1db\" id=\"forminator-field-name-2_69e1e85c1b1db-label\" class=\"forminator-label\">Pays <span class=\"forminator-required\">*<\/span><\/label><input type=\"text\" name=\"name-2\" value=\"\" placeholder=\"\" id=\"forminator-field-name-2_69e1e85c1b1db\" class=\"forminator-input forminator-name--field\" aria-required=\"true\" autocomplete=\"name\" \/><\/div><\/div><div id=\"name-3\" class=\"forminator-field-name forminator-col forminator-col-6 \"><div class=\"forminator-field\"><label for=\"forminator-field-name-3_69e1e85c1b1db\" id=\"forminator-field-name-3_69e1e85c1b1db-label\" class=\"forminator-label\">Ville <span class=\"forminator-required\">*<\/span><\/label><input type=\"text\" name=\"name-3\" value=\"\" placeholder=\"\" id=\"forminator-field-name-3_69e1e85c1b1db\" class=\"forminator-input forminator-name--field\" aria-required=\"true\" autocomplete=\"name\" \/><\/div><\/div><\/div><div class=\"forminator-row\"><div id=\"textarea-1\" class=\"forminator-field-textarea forminator-col forminator-col-12 \"><div class=\"forminator-field\"><label for=\"forminator-field-textarea-1_69e1e85c1b1db\" id=\"forminator-field-textarea-1_69e1e85c1b1db-label\" class=\"forminator-label\">Le type d&#039;activit\u00e9 de l&#039;entreprise nous a parl\u00e9 de l&#039;activit\u00e9 de l&#039;entreprise en ligne ? <span class=\"forminator-required\">*<\/span><\/label><textarea name=\"textarea-1\" placeholder=\"\" id=\"forminator-field-textarea-1_69e1e85c1b1db\" class=\"forminator-textarea\" rows=\"6\" style=\"min-height:140px;\" ><\/textarea><span id=\"forminator-field-textarea-1_69e1e85c1b1db-description\" class=\"forminator-description\"><span data-limit=\"500\" data-type=\"words\" data-editor=\"\">0 \/ 500<\/span><\/span><\/div><\/div><\/div><div class=\"forminator-row\"><div id=\"text-1\" class=\"forminator-field-text forminator-col forminator-col-12 \"><div class=\"forminator-field\"><label for=\"forminator-field-text-1_69e1e85c1b1db\" id=\"forminator-field-text-1_69e1e85c1b1db-label\" class=\"forminator-label\">Le capital que vous souhaitez investir dans l&#039;une de nos soci\u00e9t\u00e9s ($) <span class=\"forminator-required\">*<\/span><\/label><input type=\"text\" name=\"text-1\" value=\"\" placeholder=\"\" id=\"forminator-field-text-1_69e1e85c1b1db\" class=\"forminator-input forminator-name--field\" data-required=\"1\" \/><\/div><\/div><\/div><div class=\"forminator-row\"><div id=\"group-1\" class=\"forminator-field-group forminator-col forminator-col-12 \"><label class=\"forminator-label forminator-repeater-label\">Succursales de la soci\u00e9t\u00e9, le cas \u00e9ch\u00e9ant :<\/label><div class=\"forminator-all-group-copies forminator-repeater-field\"><div class=\"forminator-grouped-fields\" data-options=\"{&quot;is_repeater&quot;:true,&quot;min_type&quot;:&quot;custom&quot;,&quot;max_type&quot;:&quot;custom&quot;,&quot;min&quot;:1,&quot;max&quot;:9223372036854775807,&quot;add_text&quot;:&quot;Ajouter un \\u00e9l\\u00e9ment&quot;,&quot;remove_text&quot;:&quot;Retirer l\\u2018\\u00e9l\\u00e9ment&quot;,&quot;action_element_type&quot;:&quot;button&quot;}\"><div class=\"forminator-row\"><div id=\"name-4\" class=\"forminator-field-name forminator-col forminator-col-6 \"><div class=\"forminator-field\"><label for=\"forminator-field-name-4_69e1e85c1b1db\" id=\"forminator-field-name-4_69e1e85c1b1db-label\" class=\"forminator-label\">1 \/ ville<\/label><input type=\"text\" name=\"name-4\" value=\"\" placeholder=\"\" id=\"forminator-field-name-4_69e1e85c1b1db\" class=\"forminator-input forminator-name--field\" aria-required=\"false\" autocomplete=\"name\" \/><\/div><\/div><div id=\"name-5\" class=\"forminator-field-name forminator-col forminator-col-6 \"><div class=\"forminator-field\"><label for=\"forminator-field-name-5_69e1e85c1b1db\" id=\"forminator-field-name-5_69e1e85c1b1db-label\" class=\"forminator-label\">2\/ville<\/label><input type=\"text\" name=\"name-5\" value=\"\" placeholder=\"\" id=\"forminator-field-name-5_69e1e85c1b1db\" class=\"forminator-input forminator-name--field\" aria-required=\"false\" autocomplete=\"name\" \/><\/div><\/div><\/div><div class=\"forminator-row\"><div id=\"radio-1\" class=\"forminator-field-radio forminator-col forminator-col-12 \"><div role=\"radiogroup\" class=\"forminator-field\" aria-labelledby=\"forminator-radiogroup-radio-1-69e1e85c1b1db-label\"><span id=\"forminator-radiogroup-radio-1-69e1e85c1b1db-label\" class=\"forminator-label\">Avez-vous d&#039;autres domaines de travail ?<\/span><label id=\"forminator-field-radio-1-label-1\" for=\"forminator-field-radio-1-1-69e1e85c1b1db\" class=\"forminator-radio\" title=\"Non, nous n&#039;avons pas d&#039;autres domaines d&#039;activit\u00e9\"><input type=\"radio\" name=\"radio-1\" value=\"one\" id=\"forminator-field-radio-1-1-69e1e85c1b1db\" aria-labelledby=\"forminator-field-radio-1-label-1\" data-calculation=\"0\"   data-hidden-behavior=\"zero\"\/><span class=\"forminator-radio-bullet\" aria-hidden=\"true\"><\/span><span class=\"forminator-radio-label\">Non, nous n'avons pas d'autres domaines d'activit\u00e9<\/span><\/label><label id=\"forminator-field-radio-1-label-2\" for=\"forminator-field-radio-1-2-69e1e85c1b1db\" class=\"forminator-radio\" title=\"Oui, nous avons d&#039;autres domaines d&#039;activit\u00e9\"><input type=\"radio\" name=\"radio-1\" value=\"two\" id=\"forminator-field-radio-1-2-69e1e85c1b1db\" aria-labelledby=\"forminator-field-radio-1-label-2\" data-calculation=\"0\"   data-hidden-behavior=\"zero\"\/><span class=\"forminator-radio-bullet\" aria-hidden=\"true\"><\/span><span class=\"forminator-radio-label\">Oui, nous avons d'autres domaines d'activit\u00e9<\/span><\/label><\/div><\/div><\/div><div class=\"forminator-row\"><div id=\"text-2\" class=\"forminator-field-text forminator-col forminator-col-12 \"><div class=\"forminator-field\"><input type=\"text\" name=\"text-2\" value=\"1.\" placeholder=\"\" id=\"forminator-field-text-2_69e1e85c1b1db\" class=\"forminator-input forminator-name--field\" data-required=\"\" \/><\/div><\/div><\/div><div class=\"forminator-row\"><div id=\"text-3\" class=\"forminator-field-text forminator-col forminator-col-12 \"><div class=\"forminator-field\"><input type=\"text\" name=\"text-3\" value=\"2.\" placeholder=\"\" id=\"forminator-field-text-3_69e1e85c1b1db\" class=\"forminator-input forminator-name--field\" data-required=\"\" \/><\/div><\/div><\/div><div class=\"forminator-row\"><div id=\"text-4\" class=\"forminator-field-text forminator-col forminator-col-12 \"><div class=\"forminator-field\"><input type=\"text\" name=\"text-4\" value=\"3.\" placeholder=\"\" id=\"forminator-field-text-4_69e1e85c1b1db\" class=\"forminator-input forminator-name--field\" data-required=\"\" \/><\/div><\/div><\/div><div class=\"forminator-row forminator-action-buttons\"><div class=\"forminator-col forminator-col-12\"><input type=\"button\" value=\"Ajouter un \u00e9l\u00e9ment\" class=\"forminator-repeater-action-button forminator-repeater-add\" \/><input type=\"button\" value=\"Retirer l\u2018\u00e9l\u00e9ment\" class=\"forminator-repeater-action-button forminator-repeater-remove\" \/><\/div><\/div><\/div><\/div><\/div><\/div><div class=\"forminator-row\"><div id=\"textarea-2\" class=\"forminator-field-textarea forminator-col forminator-col-12 \"><div class=\"forminator-field\"><label for=\"forminator-field-textarea-2_69e1e85c1b1db\" id=\"forminator-field-textarea-2_69e1e85c1b1db-label\" class=\"forminator-label\">Qu&#039;est-ce qui vous a fait penser \u00e0 entrer en tant que partenaires contributifs dans Alliyanz Holding ?<\/label><textarea name=\"textarea-2\" placeholder=\"\" id=\"forminator-field-textarea-2_69e1e85c1b1db\" class=\"forminator-textarea\" rows=\"6\" style=\"min-height:140px;\" ><\/textarea><\/div><\/div><\/div><div class=\"forminator-row\"><div id=\"checkbox-1\" class=\"forminator-field-checkbox forminator-col forminator-col-12 \"><div role=\"group\" class=\"forminator-field\" aria-labelledby=\"forminator-checkbox-group-forminator-field-checkbox-1-69e1e85c1b1db-label\"><span id=\"forminator-checkbox-group-forminator-field-checkbox-1-69e1e85c1b1db-label\" class=\"forminator-label\">Quelle entreprise souhaitez-vous entrer dans les contributeurs ?<\/span><label id=\"forminator-field-checkbox-1-1-69e1e85c1b1db-label\" for=\"forminator-field-checkbox-1-1-69e1e85c1b1db\" class=\"forminator-checkbox\" title=\"Alliyanz de Commerciale\"><input type=\"checkbox\" name=\"checkbox-1[]\" value=\"one\" id=\"forminator-field-checkbox-1-1-69e1e85c1b1db\" aria-labelledby=\"forminator-field-checkbox-1-1-69e1e85c1b1db-label\" data-calculation=\"0\"   data-hidden-behavior=\"zero\"\/><span class=\"forminator-checkbox-box\" aria-hidden=\"true\"><\/span><span class=\"forminator-checkbox-label\">Alliyanz de Commerciale<\/span><\/label><label id=\"forminator-field-checkbox-1-2-69e1e85c1b1db-label\" for=\"forminator-field-checkbox-1-2-69e1e85c1b1db\" class=\"forminator-checkbox\" title=\"Alliyanz de Construction\"><input type=\"checkbox\" name=\"checkbox-1[]\" value=\"two\" id=\"forminator-field-checkbox-1-2-69e1e85c1b1db\" aria-labelledby=\"forminator-field-checkbox-1-2-69e1e85c1b1db-label\" data-calculation=\"0\"   data-hidden-behavior=\"zero\"\/><span class=\"forminator-checkbox-box\" aria-hidden=\"true\"><\/span><span class=\"forminator-checkbox-label\">Alliyanz de Construction<\/span><\/label><label id=\"forminator-field-checkbox-1-3-69e1e85c1b1db-label\" for=\"forminator-field-checkbox-1-3-69e1e85c1b1db\" class=\"forminator-checkbox\" title=\"Alliyanz des syst\u00e8mes de logement\"><input type=\"checkbox\" name=\"checkbox-1[]\" value=\"Alliyanz-Housing\" id=\"forminator-field-checkbox-1-3-69e1e85c1b1db\" aria-labelledby=\"forminator-field-checkbox-1-3-69e1e85c1b1db-label\" data-calculation=\"0\"   data-hidden-behavior=\"zero\"\/><span class=\"forminator-checkbox-box\" aria-hidden=\"true\"><\/span><span class=\"forminator-checkbox-label\">Alliyanz des syst\u00e8mes de logement<\/span><\/label><label id=\"forminator-field-checkbox-1-4-69e1e85c1b1db-label\" for=\"forminator-field-checkbox-1-4-69e1e85c1b1db\" class=\"forminator-checkbox\" title=\"Alliyanz du l&#039;investissement sportif\"><input type=\"checkbox\" name=\"checkbox-1[]\" value=\"Alliyanz-Sports-Investment\" id=\"forminator-field-checkbox-1-4-69e1e85c1b1db\" aria-labelledby=\"forminator-field-checkbox-1-4-69e1e85c1b1db-label\" data-calculation=\"0\"   data-hidden-behavior=\"zero\"\/><span class=\"forminator-checkbox-box\" aria-hidden=\"true\"><\/span><span class=\"forminator-checkbox-label\">Alliyanz du l'investissement sportif<\/span><\/label><label id=\"forminator-field-checkbox-1-5-69e1e85c1b1db-label\" for=\"forminator-field-checkbox-1-5-69e1e85c1b1db\" class=\"forminator-checkbox\" title=\"Alliyanz Technologie\"><input type=\"checkbox\" name=\"checkbox-1[]\" value=\"Alliyanz-Technology\" id=\"forminator-field-checkbox-1-5-69e1e85c1b1db\" aria-labelledby=\"forminator-field-checkbox-1-5-69e1e85c1b1db-label\" data-calculation=\"0\"   data-hidden-behavior=\"zero\"\/><span class=\"forminator-checkbox-box\" aria-hidden=\"true\"><\/span><span class=\"forminator-checkbox-label\">Alliyanz Technologie<\/span><\/label><label id=\"forminator-field-checkbox-1-6-69e1e85c1b1db-label\" for=\"forminator-field-checkbox-1-6-69e1e85c1b1db\" class=\"forminator-checkbox\" title=\"Allianz de Architectural Design\"><input type=\"checkbox\" name=\"checkbox-1[]\" value=\"Alliyanz-Design\" id=\"forminator-field-checkbox-1-6-69e1e85c1b1db\" aria-labelledby=\"forminator-field-checkbox-1-6-69e1e85c1b1db-label\" data-calculation=\"0\"   data-hidden-behavior=\"zero\"\/><span class=\"forminator-checkbox-box\" aria-hidden=\"true\"><\/span><span class=\"forminator-checkbox-label\">Allianz de Architectural Design<\/span><\/label><label id=\"forminator-field-checkbox-1-7-69e1e85c1b1db-label\" for=\"forminator-field-checkbox-1-7-69e1e85c1b1db\" class=\"forminator-checkbox\" title=\"Alliyanz de voyage et d&#039;immigration\"><input type=\"checkbox\" name=\"checkbox-1[]\" value=\"Alliyanz-Tours\" id=\"forminator-field-checkbox-1-7-69e1e85c1b1db\" aria-labelledby=\"forminator-field-checkbox-1-7-69e1e85c1b1db-label\" data-calculation=\"0\"   data-hidden-behavior=\"zero\"\/><span class=\"forminator-checkbox-box\" aria-hidden=\"true\"><\/span><span class=\"forminator-checkbox-label\">Alliyanz de voyage et d'immigration<\/span><\/label><label id=\"forminator-field-checkbox-1-8-69e1e85c1b1db-label\" for=\"forminator-field-checkbox-1-8-69e1e85c1b1db\" class=\"forminator-checkbox\" title=\"Alliyanz Medical\"><input type=\"checkbox\" name=\"checkbox-1[]\" value=\"Alliyanz-Medical\" id=\"forminator-field-checkbox-1-8-69e1e85c1b1db\" aria-labelledby=\"forminator-field-checkbox-1-8-69e1e85c1b1db-label\" data-calculation=\"0\"   data-hidden-behavior=\"zero\"\/><span class=\"forminator-checkbox-box\" aria-hidden=\"true\"><\/span><span class=\"forminator-checkbox-label\">Alliyanz Medical<\/span><\/label><label id=\"forminator-field-checkbox-1-9-69e1e85c1b1db-label\" for=\"forminator-field-checkbox-1-9-69e1e85c1b1db\" class=\"forminator-checkbox\" title=\"Alliyanz \u00c9nergie\"><input type=\"checkbox\" name=\"checkbox-1[]\" value=\"Alliyanz-Energy\" id=\"forminator-field-checkbox-1-9-69e1e85c1b1db\" aria-labelledby=\"forminator-field-checkbox-1-9-69e1e85c1b1db-label\" data-calculation=\"0\"   data-hidden-behavior=\"zero\"\/><span class=\"forminator-checkbox-box\" aria-hidden=\"true\"><\/span><span class=\"forminator-checkbox-label\">Alliyanz \u00c9nergie<\/span><\/label><label id=\"forminator-field-checkbox-1-10-69e1e85c1b1db-label\" for=\"forminator-field-checkbox-1-10-69e1e85c1b1db\" class=\"forminator-checkbox\" title=\"Alliyanz Charit\u00e9\"><input type=\"checkbox\" name=\"checkbox-1[]\" value=\"Alliyanz-Charity\" id=\"forminator-field-checkbox-1-10-69e1e85c1b1db\" aria-labelledby=\"forminator-field-checkbox-1-10-69e1e85c1b1db-label\" data-calculation=\"0\"   data-hidden-behavior=\"zero\"\/><span class=\"forminator-checkbox-box\" aria-hidden=\"true\"><\/span><span class=\"forminator-checkbox-label\">Alliyanz Charit\u00e9<\/span><\/label><label id=\"forminator-field-checkbox-1-11-69e1e85c1b1db-label\" for=\"forminator-field-checkbox-1-11-69e1e85c1b1db\" class=\"forminator-checkbox\" title=\"Alliyanz A\u00e9rienne\"><input type=\"checkbox\" name=\"checkbox-1[]\" value=\"Alliyanz-Air\" id=\"forminator-field-checkbox-1-11-69e1e85c1b1db\" aria-labelledby=\"forminator-field-checkbox-1-11-69e1e85c1b1db-label\" data-calculation=\"0\"   data-hidden-behavior=\"zero\"\/><span class=\"forminator-checkbox-box\" aria-hidden=\"true\"><\/span><span class=\"forminator-checkbox-label\">Alliyanz A\u00e9rienne<\/span><\/label><\/div><\/div><\/div><input type=\"hidden\" name=\"referer_url\" value=\"\" \/><div class=\"forminator-row forminator-row-last\"><div class=\"forminator-col\"><div class=\"forminator-field\"><button class=\"forminator-button forminator-button-submit\"><span>Send the request<\/span><span aria-hidden=\"true\"><\/span><\/button><\/div><\/div><\/div><input type=\"hidden\" id=\"forminator_nonce\" name=\"forminator_nonce\" value=\"3e50e701dc\" \/><input type=\"hidden\" name=\"_wp_http_referer\" value=\"\/fr\/wp-json\/wp\/v2\/pages\/6835\" \/><input type=\"hidden\" name=\"form_id\" value=\"6849\"><input type=\"hidden\" name=\"page_id\" value=\"6835\"><input type=\"hidden\" name=\"form_type\" value=\"default\"><input type=\"hidden\" name=\"current_url\" value=\"https:\/\/icom-digital.net\/fr\/be-a-contributor\/\"><input type=\"hidden\" name=\"render_id\" value=\"0\"><input type=\"hidden\" name=\"action\" value=\"forminator_submit_form_custom-forms\"><\/form><\/div>\n\t\t\t\t\t\t<\/div>\n\t\t\t\t<\/div>\n\t\t\t\t\t<\/div>\n\t\t<\/div>\n\t\t\t\t\t<\/div>\n\t\t<\/section>\n\t\t\t\t<\/div>\n\t\t","protected":false},"excerpt":{"rendered":"<p>Postulez pour devenir actionnaire partenaire d&rsquo;Alliyanz Holding pour les entreprises et les institutions Alliyanz Holding permet \u00e0 ceux qui souhaitent des entreprises, des institutions et des maisons commerciales en plus des hommes et des femmes d&rsquo;affaires d&rsquo;obtenir des actions de l&rsquo;entreprise dans diverses activit\u00e9s, services et entreprises afin d&rsquo;augmenter le capital d&rsquo;exploitation et de d\u00e9velopper l&rsquo;orientation de l&rsquo;entreprise dans l&rsquo;\u00e9largissement de tous les domaines et services de ses entreprises dans beaucoup de pays du monde.<\/p>\n","protected":false},"author":1,"featured_media":0,"parent":0,"menu_order":0,"comment_status":"closed","ping_status":"closed","template":"","meta":{"footnotes":""},"class_list":["post-6835","page","type-page","status-publish","hentry"],"_links":{"self":[{"href":"https:\/\/icom-digital.net\/fr\/wp-json\/wp\/v2\/pages\/6835","targetHints":{"allow":["GET"]}}],"collection":[{"href":"https:\/\/icom-digital.net\/fr\/wp-json\/wp\/v2\/pages"}],"about":[{"href":"https:\/\/icom-digital.net\/fr\/wp-json\/wp\/v2\/types\/page"}],"author":[{"embeddable":true,"href":"https:\/\/icom-digital.net\/fr\/wp-json\/wp\/v2\/users\/1"}],"replies":[{"embeddable":true,"href":"https:\/\/icom-digital.net\/fr\/wp-json\/wp\/v2\/comments?post=6835"}],"version-history":[{"count":10,"href":"https:\/\/icom-digital.net\/fr\/wp-json\/wp\/v2\/pages\/6835\/revisions"}],"predecessor-version":[{"id":6862,"href":"https:\/\/icom-digital.net\/fr\/wp-json\/wp\/v2\/pages\/6835\/revisions\/6862"}],"wp:attachment":[{"href":"https:\/\/icom-digital.net\/fr\/wp-json\/wp\/v2\/media?parent=6835"}],"curies":[{"name":"wp","href":"https:\/\/api.w.org\/{rel}","templated":true}]}}