{"id":6820,"date":"2024-03-03T18:40:42","date_gmt":"2024-03-03T18:40:42","guid":{"rendered":"https:\/\/icom-digital.net\/giftstore\/"},"modified":"2024-03-13T08:57:28","modified_gmt":"2024-03-13T08:57:28","slug":"giftstore","status":"publish","type":"page","link":"https:\/\/icom-digital.net\/fr\/giftstore\/","title":{"rendered":"GiftStore"},"content":{"rendered":"\t\t<div data-elementor-type=\"wp-page\" data-elementor-id=\"6820\" class=\"elementor elementor-6820\" data-elementor-settings=\"{&quot;ha_cmc_init_switcher&quot;:&quot;no&quot;}\">\n\t\t\t\t\t\t<section class=\"elementor-section elementor-top-section elementor-element elementor-element-66fe013 elementor-section-height-min-height elementor-section-boxed elementor-section-height-default elementor-section-items-middle wpr-particle-no wpr-jarallax-no wpr-parallax-no wpr-sticky-section-no wpr-equal-height-no\" data-id=\"66fe013\" data-element_type=\"section\" data-e-type=\"section\" data-settings=\"{&quot;background_background&quot;:&quot;classic&quot;,&quot;_ha_eqh_enable&quot;:false}\">\n\t\t\t\t\t\t\t<div class=\"elementor-background-overlay\"><\/div>\n\t\t\t\t\t\t\t<div class=\"elementor-container elementor-column-gap-default\">\n\t\t\t\t\t<div class=\"elementor-column elementor-col-100 elementor-top-column elementor-element elementor-element-d668774\" data-id=\"d668774\" data-element_type=\"column\" data-e-type=\"column\">\n\t\t\t<div class=\"elementor-widget-wrap elementor-element-populated\">\n\t\t\t\t\t\t<div class=\"elementor-element elementor-element-647767a elementor-widget elementor-widget-heading\" data-id=\"647767a\" data-element_type=\"widget\" data-e-type=\"widget\" data-widget_type=\"heading.default\">\n\t\t\t\t<div class=\"elementor-widget-container\">\n\t\t\t\t\t<h2 class=\"elementor-heading-title elementor-size-default\">GiftStore<\/h2>\t\t\t\t<\/div>\n\t\t\t\t<\/div>\n\t\t\t\t<div class=\"elementor-element elementor-element-cc569af elementor-widget-divider--view-line elementor-widget elementor-widget-divider\" data-id=\"cc569af\" data-element_type=\"widget\" data-e-type=\"widget\" data-widget_type=\"divider.default\">\n\t\t\t\t<div class=\"elementor-widget-container\">\n\t\t\t\t\t\t\t<div class=\"elementor-divider\">\n\t\t\t<span class=\"elementor-divider-separator\">\n\t\t\t\t\t\t<\/span>\n\t\t<\/div>\n\t\t\t\t\t\t<\/div>\n\t\t\t\t<\/div>\n\t\t\t\t\t<\/div>\n\t\t<\/div>\n\t\t\t\t\t<\/div>\n\t\t<\/section>\n\t\t\t\t<section class=\"elementor-section elementor-top-section elementor-element elementor-element-14c38dc elementor-section-boxed elementor-section-height-default elementor-section-height-default wpr-particle-no wpr-jarallax-no wpr-parallax-no wpr-sticky-section-no wpr-equal-height-no\" data-id=\"14c38dc\" data-element_type=\"section\" data-e-type=\"section\" data-settings=\"{&quot;_ha_eqh_enable&quot;:false}\">\n\t\t\t\t\t\t<div class=\"elementor-container elementor-column-gap-default\">\n\t\t\t\t\t<div class=\"elementor-column elementor-col-50 elementor-top-column elementor-element elementor-element-5c4d8ce\" data-id=\"5c4d8ce\" data-element_type=\"column\" data-e-type=\"column\">\n\t\t\t<div class=\"elementor-widget-wrap elementor-element-populated\">\n\t\t\t\t\t\t<div class=\"elementor-element elementor-element-119672b elementor-invisible elementor-widget elementor-widget-heading\" data-id=\"119672b\" data-element_type=\"widget\" data-e-type=\"widget\" data-settings=\"{&quot;_animation&quot;:&quot;fadeInDown&quot;}\" data-widget_type=\"heading.default\">\n\t\t\t\t<div class=\"elementor-widget-container\">\n\t\t\t\t\t<h3 class=\"elementor-heading-title elementor-size-default\">GiftStore<\/h3>\t\t\t\t<\/div>\n\t\t\t\t<\/div>\n\t\t\t\t<div class=\"elementor-element elementor-element-bc4505e elementor-widget-divider--view-line elementor-invisible elementor-widget elementor-widget-divider\" data-id=\"bc4505e\" data-element_type=\"widget\" data-e-type=\"widget\" data-settings=\"{&quot;_animation&quot;:&quot;fadeInDown&quot;}\" data-widget_type=\"divider.default\">\n\t\t\t\t<div class=\"elementor-widget-container\">\n\t\t\t\t\t\t\t<div class=\"elementor-divider\">\n\t\t\t<span class=\"elementor-divider-separator\">\n\t\t\t\t\t\t<\/span>\n\t\t<\/div>\n\t\t\t\t\t\t<\/div>\n\t\t\t\t<\/div>\n\t\t\t\t<div class=\"elementor-element elementor-element-838c6e5 elementor-invisible elementor-widget elementor-widget-text-editor\" data-id=\"838c6e5\" data-element_type=\"widget\" data-e-type=\"widget\" data-settings=\"{&quot;_animation&quot;:&quot;fadeInUp&quot;}\" data-widget_type=\"text-editor.default\">\n\t\t\t\t<div class=\"elementor-widget-container\">\n\t\t\t\t\t\t\t\t\t<p>GiftStore est une application permettant d&rsquo;envoyer des cadeaux entre amis en payant la valeur d\u2019un cadeau sp\u00e9cifique sur le compte d&rsquo;une personne abonn\u00e9e \u00e0 la m\u00eame application qui lui permet de choisir le cadeau qu&rsquo;elle souhaite et de l&rsquo;envoyer \u00e0 son adresse dans tous les pays du monde.<\/p>\t\t\t\t\t\t\t\t<\/div>\n\t\t\t\t<\/div>\n\t\t\t\t\t<\/div>\n\t\t<\/div>\n\t\t\t\t<div class=\"elementor-column elementor-col-50 elementor-top-column elementor-element elementor-element-d20c35d\" data-id=\"d20c35d\" data-element_type=\"column\" data-e-type=\"column\">\n\t\t\t<div class=\"elementor-widget-wrap elementor-element-populated\">\n\t\t\t\t\t\t<div class=\"elementor-element elementor-element-abfc201 elementor-widget elementor-widget-ha-justified-gallery happy-addon ha-justified-gallery\" data-id=\"abfc201\" data-element_type=\"widget\" data-e-type=\"widget\" data-settings=\"{&quot;row_height&quot;:{&quot;unit&quot;:&quot;px&quot;,&quot;size&quot;:160,&quot;sizes&quot;:[]},&quot;margins&quot;:{&quot;unit&quot;:&quot;px&quot;,&quot;size&quot;:10,&quot;sizes&quot;:[]},&quot;last_row&quot;:&quot;justify&quot;,&quot;enable_popup&quot;:&quot;yes&quot;}\" data-widget_type=\"ha-justified-gallery.default\">\n\t\t\t\t<div class=\"elementor-widget-container\">\n\t\t\t\t\t\n\t\t<div class=\"ha-justified-grid__wrap hajs-justified-grid\">\n\t\t\t\t\t\t\t<a href=\"#\" data-mfp-src=\"https:\/\/icom-digital.net\/wp-content\/uploads\/2024\/02\/876608c480685cf4d069e45588f8d2cc.jpg\" class=\"ha-justified-grid__item ha-js-lightbox __fltr-1\" title=\"\">\n\t\t\t\t\t<img fetchpriority=\"high\" decoding=\"async\" width=\"564\" height=\"564\" src=\"https:\/\/icom-digital.net\/wp-content\/uploads\/2024\/02\/876608c480685cf4d069e45588f8d2cc.jpg\" class=\"elementor-animation-grow\" alt=\"\" srcset=\"https:\/\/icom-digital.net\/wp-content\/uploads\/2024\/02\/876608c480685cf4d069e45588f8d2cc.jpg 564w, https:\/\/icom-digital.net\/wp-content\/uploads\/2024\/02\/876608c480685cf4d069e45588f8d2cc-300x300.jpg 300w, https:\/\/icom-digital.net\/wp-content\/uploads\/2024\/02\/876608c480685cf4d069e45588f8d2cc-150x150.jpg 150w\" sizes=\"(max-width: 564px) 100vw, 564px\" \/>\t\t\t\t<\/a>\n\t\t\t\t\t\t\t<a href=\"#\" data-mfp-src=\"https:\/\/icom-digital.net\/wp-content\/uploads\/2024\/02\/ec1a109fddbcf7d0b803a3102a408a52.jpg\" class=\"ha-justified-grid__item ha-js-lightbox __fltr-1\" title=\"\">\n\t\t\t\t\t<img decoding=\"async\" width=\"563\" height=\"423\" src=\"https:\/\/icom-digital.net\/wp-content\/uploads\/2024\/02\/ec1a109fddbcf7d0b803a3102a408a52.jpg\" class=\"elementor-animation-grow\" alt=\"\" srcset=\"https:\/\/icom-digital.net\/wp-content\/uploads\/2024\/02\/ec1a109fddbcf7d0b803a3102a408a52.jpg 563w, https:\/\/icom-digital.net\/wp-content\/uploads\/2024\/02\/ec1a109fddbcf7d0b803a3102a408a52-300x225.jpg 300w\" sizes=\"(max-width: 563px) 100vw, 563px\" \/>\t\t\t\t<\/a>\n\t\t\t\t\t<\/div>\n\n\t\t\t\t\t\t<\/div>\n\t\t\t\t<\/div>\n\t\t\t\t\t<\/div>\n\t\t<\/div>\n\t\t\t\t\t<\/div>\n\t\t<\/section>\n\t\t\t\t<\/div>\n\t\t","protected":false},"excerpt":{"rendered":"<p>GiftStore GiftStore GiftStore est une application permettant d&rsquo;envoyer des cadeaux entre amis en payant la valeur d\u2019un cadeau sp\u00e9cifique sur le compte d&rsquo;une personne abonn\u00e9e \u00e0 la m\u00eame application qui lui permet de choisir le cadeau qu&rsquo;elle souhaite et de l&rsquo;envoyer \u00e0 son adresse dans tous les pays du monde.<\/p>\n","protected":false},"author":1,"featured_media":0,"parent":0,"menu_order":0,"comment_status":"closed","ping_status":"closed","template":"","meta":{"footnotes":""},"class_list":["post-6820","page","type-page","status-publish","hentry"],"_links":{"self":[{"href":"https:\/\/icom-digital.net\/fr\/wp-json\/wp\/v2\/pages\/6820","targetHints":{"allow":["GET"]}}],"collection":[{"href":"https:\/\/icom-digital.net\/fr\/wp-json\/wp\/v2\/pages"}],"about":[{"href":"https:\/\/icom-digital.net\/fr\/wp-json\/wp\/v2\/types\/page"}],"author":[{"embeddable":true,"href":"https:\/\/icom-digital.net\/fr\/wp-json\/wp\/v2\/users\/1"}],"replies":[{"embeddable":true,"href":"https:\/\/icom-digital.net\/fr\/wp-json\/wp\/v2\/comments?post=6820"}],"version-history":[{"count":4,"href":"https:\/\/icom-digital.net\/fr\/wp-json\/wp\/v2\/pages\/6820\/revisions"}],"predecessor-version":[{"id":6824,"href":"https:\/\/icom-digital.net\/fr\/wp-json\/wp\/v2\/pages\/6820\/revisions\/6824"}],"wp:attachment":[{"href":"https:\/\/icom-digital.net\/fr\/wp-json\/wp\/v2\/media?parent=6820"}],"curies":[{"name":"wp","href":"https:\/\/api.w.org\/{rel}","templated":true}]}}