{"id":8711,"date":"2024-02-28T09:34:38","date_gmt":"2024-02-28T09:34:38","guid":{"rendered":"https:\/\/icom-digital.net\/stores-apps\/"},"modified":"2024-03-18T09:38:35","modified_gmt":"2024-03-18T09:38:35","slug":"tiendas-aplicaciones","status":"publish","type":"page","link":"https:\/\/icom-digital.net\/es\/tiendas-aplicaciones\/","title":{"rendered":"Tiendas &#038; aplicaciones"},"content":{"rendered":"\t\t<div data-elementor-type=\"wp-page\" data-elementor-id=\"8711\" class=\"elementor elementor-8711\" data-elementor-settings=\"{&quot;ha_cmc_init_switcher&quot;:&quot;no&quot;}\">\n\t\t\t\t\t\t<section class=\"elementor-section elementor-top-section elementor-element elementor-element-8b6973e elementor-section-height-min-height elementor-section-boxed elementor-section-height-default elementor-section-items-middle wpr-particle-no wpr-jarallax-no wpr-parallax-no wpr-sticky-section-no wpr-equal-height-no\" data-id=\"8b6973e\" data-element_type=\"section\" data-e-type=\"section\" data-settings=\"{&quot;background_background&quot;:&quot;classic&quot;,&quot;_ha_eqh_enable&quot;:false}\">\n\t\t\t\t\t\t\t<div class=\"elementor-background-overlay\"><\/div>\n\t\t\t\t\t\t\t<div class=\"elementor-container elementor-column-gap-default\">\n\t\t\t\t\t<div class=\"elementor-column elementor-col-100 elementor-top-column elementor-element elementor-element-fbd34d6\" data-id=\"fbd34d6\" data-element_type=\"column\" data-e-type=\"column\">\n\t\t\t<div class=\"elementor-widget-wrap elementor-element-populated\">\n\t\t\t\t\t\t<div class=\"elementor-element elementor-element-44e6e06 elementor-widget elementor-widget-heading\" data-id=\"44e6e06\" data-element_type=\"widget\" data-e-type=\"widget\" data-widget_type=\"heading.default\">\n\t\t\t\t<div class=\"elementor-widget-container\">\n\t\t\t\t\t<h2 class=\"elementor-heading-title elementor-size-default\">Tiendas &amp; aplicaciones<\/h2>\t\t\t\t<\/div>\n\t\t\t\t<\/div>\n\t\t\t\t<div class=\"elementor-element elementor-element-17166d5 elementor-widget-divider--view-line elementor-widget elementor-widget-divider\" data-id=\"17166d5\" data-element_type=\"widget\" data-e-type=\"widget\" data-widget_type=\"divider.default\">\n\t\t\t\t<div class=\"elementor-widget-container\">\n\t\t\t\t\t\t\t<div class=\"elementor-divider\">\n\t\t\t<span class=\"elementor-divider-separator\">\n\t\t\t\t\t\t<\/span>\n\t\t<\/div>\n\t\t\t\t\t\t<\/div>\n\t\t\t\t<\/div>\n\t\t\t\t\t<\/div>\n\t\t<\/div>\n\t\t\t\t\t<\/div>\n\t\t<\/section>\n\t\t\t\t<section class=\"elementor-section elementor-top-section elementor-element elementor-element-9a33053 elementor-section-boxed elementor-section-height-default elementor-section-height-default wpr-particle-no wpr-jarallax-no wpr-parallax-no wpr-sticky-section-no wpr-equal-height-no\" data-id=\"9a33053\" data-element_type=\"section\" data-e-type=\"section\" data-settings=\"{&quot;_ha_eqh_enable&quot;:false}\">\n\t\t\t\t\t\t<div class=\"elementor-container elementor-column-gap-default\">\n\t\t\t\t\t<div class=\"elementor-column elementor-col-100 elementor-top-column elementor-element elementor-element-c1d4b15\" data-id=\"c1d4b15\" data-element_type=\"column\" data-e-type=\"column\">\n\t\t\t<div class=\"elementor-widget-wrap elementor-element-populated\">\n\t\t\t\t\t\t<div class=\"elementor-element elementor-element-004fa95 elementor-invisible elementor-widget elementor-widget-heading\" data-id=\"004fa95\" data-element_type=\"widget\" data-e-type=\"widget\" id=\"PayMal\" data-settings=\"{&quot;_animation&quot;:&quot;fadeInDown&quot;}\" data-widget_type=\"heading.default\">\n\t\t\t\t<div class=\"elementor-widget-container\">\n\t\t\t\t\t<h3 class=\"elementor-heading-title elementor-size-default\">PayMal App<\/h3>\t\t\t\t<\/div>\n\t\t\t\t<\/div>\n\t\t\t\t<div class=\"elementor-element elementor-element-82acb94 elementor-widget-divider--view-line elementor-invisible elementor-widget elementor-widget-divider\" data-id=\"82acb94\" data-element_type=\"widget\" data-e-type=\"widget\" data-settings=\"{&quot;_animation&quot;:&quot;fadeInDown&quot;}\" data-widget_type=\"divider.default\">\n\t\t\t\t<div class=\"elementor-widget-container\">\n\t\t\t\t\t\t\t<div class=\"elementor-divider\">\n\t\t\t<span class=\"elementor-divider-separator\">\n\t\t\t\t\t\t<\/span>\n\t\t<\/div>\n\t\t\t\t\t\t<\/div>\n\t\t\t\t<\/div>\n\t\t\t\t<div class=\"elementor-element elementor-element-8afb93f elementor-invisible elementor-widget elementor-widget-text-editor\" data-id=\"8afb93f\" data-element_type=\"widget\" data-e-type=\"widget\" data-settings=\"{&quot;_animation&quot;:&quot;fadeInUp&quot;}\" data-widget_type=\"text-editor.default\">\n\t\t\t\t<div class=\"elementor-widget-container\">\n\t\t\t\t\t\t\t\t\t<p><span style=\"font-weight: 400;\">PayMal es una plataforma electr\u00f3nica operada a trav\u00e9s de un sitio web y una aplicaci\u00f3n m\u00f3vil para transferir dinero de manera segura, confiable y r\u00e1pida a trav\u00e9s de un m\u00e9todo de pago seguro.<\/span><\/p>\t\t\t\t\t\t\t\t<\/div>\n\t\t\t\t<\/div>\n\t\t\t\t<div class=\"elementor-element elementor-element-aa91bc1 elementor-invisible elementor-widget elementor-widget-ha-justified-gallery happy-addon ha-justified-gallery\" data-id=\"aa91bc1\" data-element_type=\"widget\" data-e-type=\"widget\" data-settings=\"{&quot;_animation&quot;:&quot;zoomIn&quot;,&quot;row_height&quot;:{&quot;unit&quot;:&quot;px&quot;,&quot;size&quot;:150,&quot;sizes&quot;:[]},&quot;margins&quot;:{&quot;unit&quot;:&quot;px&quot;,&quot;size&quot;:10,&quot;sizes&quot;:[]},&quot;last_row&quot;:&quot;justify&quot;,&quot;enable_popup&quot;:&quot;yes&quot;}\" data-widget_type=\"ha-justified-gallery.default\">\n\t\t\t\t<div class=\"elementor-widget-container\">\n\t\t\t\t\t\n\t\t<div class=\"ha-justified-grid__wrap hajs-justified-grid\">\n\t\t\t\t\t\t\t<a href=\"#\" data-mfp-src=\"https:\/\/icom-digital.net\/wp-content\/uploads\/2024\/02\/1f14857b4c1a9c41cf61c35ede4201c0.jpg\" class=\"ha-justified-grid__item ha-js-lightbox __fltr-1\" title=\"\">\n\t\t\t\t\t<img decoding=\"async\" width=\"236\" height=\"157\" src=\"https:\/\/icom-digital.net\/wp-content\/uploads\/2024\/02\/1f14857b4c1a9c41cf61c35ede4201c0.jpg\" class=\"elementor-animation-grow\" alt=\"\" \/>\t\t\t\t<\/a>\n\t\t\t\t\t\t\t<a href=\"#\" data-mfp-src=\"https:\/\/icom-digital.net\/wp-content\/uploads\/2024\/02\/4914068acbdd3663deee8bbe6f9d1baa.jpg\" class=\"ha-justified-grid__item ha-js-lightbox __fltr-1\" title=\"\">\n\t\t\t\t\t<img fetchpriority=\"high\" decoding=\"async\" width=\"564\" height=\"376\" src=\"https:\/\/icom-digital.net\/wp-content\/uploads\/2024\/02\/4914068acbdd3663deee8bbe6f9d1baa.jpg\" class=\"elementor-animation-grow\" alt=\"\" srcset=\"https:\/\/icom-digital.net\/wp-content\/uploads\/2024\/02\/4914068acbdd3663deee8bbe6f9d1baa.jpg 564w, https:\/\/icom-digital.net\/wp-content\/uploads\/2024\/02\/4914068acbdd3663deee8bbe6f9d1baa-300x200.jpg 300w\" sizes=\"(max-width: 564px) 100vw, 564px\" \/>\t\t\t\t<\/a>\n\t\t\t\t\t\t\t<a href=\"#\" data-mfp-src=\"https:\/\/icom-digital.net\/wp-content\/uploads\/2024\/02\/670df236683fcaa5aff838a0b37ec284.jpg\" class=\"ha-justified-grid__item ha-js-lightbox __fltr-1\" title=\"\">\n\t\t\t\t\t<img decoding=\"async\" width=\"563\" height=\"375\" src=\"https:\/\/icom-digital.net\/wp-content\/uploads\/2024\/02\/670df236683fcaa5aff838a0b37ec284.jpg\" class=\"elementor-animation-grow\" alt=\"\" srcset=\"https:\/\/icom-digital.net\/wp-content\/uploads\/2024\/02\/670df236683fcaa5aff838a0b37ec284.jpg 563w, https:\/\/icom-digital.net\/wp-content\/uploads\/2024\/02\/670df236683fcaa5aff838a0b37ec284-300x200.jpg 300w\" sizes=\"(max-width: 563px) 100vw, 563px\" \/>\t\t\t\t<\/a>\n\t\t\t\t\t<\/div>\n\n\t\t\t\t\t\t<\/div>\n\t\t\t\t<\/div>\n\t\t\t\t\t<\/div>\n\t\t<\/div>\n\t\t\t\t\t<\/div>\n\t\t<\/section>\n\t\t\t\t<section class=\"elementor-section elementor-top-section elementor-element elementor-element-2230520 elementor-section-boxed elementor-section-height-default elementor-section-height-default wpr-particle-no wpr-jarallax-no wpr-parallax-no wpr-sticky-section-no wpr-equal-height-no\" data-id=\"2230520\" data-element_type=\"section\" data-e-type=\"section\" data-settings=\"{&quot;_ha_eqh_enable&quot;:false}\">\n\t\t\t\t\t\t<div class=\"elementor-container elementor-column-gap-default\">\n\t\t\t\t\t<div class=\"elementor-column elementor-col-100 elementor-top-column elementor-element elementor-element-34b05fb\" data-id=\"34b05fb\" data-element_type=\"column\" data-e-type=\"column\">\n\t\t\t<div class=\"elementor-widget-wrap elementor-element-populated\">\n\t\t\t\t\t\t<div class=\"elementor-element elementor-element-c0f8ada elementor-invisible elementor-widget elementor-widget-heading\" data-id=\"c0f8ada\" data-element_type=\"widget\" data-e-type=\"widget\" id=\"GiftStore\" data-settings=\"{&quot;_animation&quot;:&quot;fadeInDown&quot;}\" data-widget_type=\"heading.default\">\n\t\t\t\t<div class=\"elementor-widget-container\">\n\t\t\t\t\t<h3 class=\"elementor-heading-title elementor-size-default\">GiftStore<\/h3>\t\t\t\t<\/div>\n\t\t\t\t<\/div>\n\t\t\t\t<div class=\"elementor-element elementor-element-ca4c9c7 elementor-widget-divider--view-line elementor-invisible elementor-widget elementor-widget-divider\" data-id=\"ca4c9c7\" data-element_type=\"widget\" data-e-type=\"widget\" data-settings=\"{&quot;_animation&quot;:&quot;fadeInDown&quot;}\" data-widget_type=\"divider.default\">\n\t\t\t\t<div class=\"elementor-widget-container\">\n\t\t\t\t\t\t\t<div class=\"elementor-divider\">\n\t\t\t<span class=\"elementor-divider-separator\">\n\t\t\t\t\t\t<\/span>\n\t\t<\/div>\n\t\t\t\t\t\t<\/div>\n\t\t\t\t<\/div>\n\t\t\t\t<div class=\"elementor-element elementor-element-0a7d360 elementor-invisible elementor-widget elementor-widget-text-editor\" data-id=\"0a7d360\" data-element_type=\"widget\" data-e-type=\"widget\" data-settings=\"{&quot;_animation&quot;:&quot;fadeInUp&quot;}\" data-widget_type=\"text-editor.default\">\n\t\t\t\t<div class=\"elementor-widget-container\">\n\t\t\t\t\t\t\t\t\t<p><span style=\"font-weight: 400;\">GiftStore es una aplicaci\u00f3n para enviar regalos entre amigos mediante el pago de un valor espec\u00edfico para el regalo a la cuenta de un usuario compartido en la misma aplicaci\u00f3n. Esto le permite al destinatario elegir el regalo que desea y enviarlo a su direcci\u00f3n en cualquier parte del mundo.<\/span><\/p>\t\t\t\t\t\t\t\t<\/div>\n\t\t\t\t<\/div>\n\t\t\t\t<div class=\"elementor-element elementor-element-0f69e39 elementor-invisible elementor-widget elementor-widget-ha-justified-gallery happy-addon ha-justified-gallery\" data-id=\"0f69e39\" data-element_type=\"widget\" data-e-type=\"widget\" data-settings=\"{&quot;_animation&quot;:&quot;zoomIn&quot;,&quot;row_height&quot;:{&quot;unit&quot;:&quot;px&quot;,&quot;size&quot;:150,&quot;sizes&quot;:[]},&quot;margins&quot;:{&quot;unit&quot;:&quot;px&quot;,&quot;size&quot;:10,&quot;sizes&quot;:[]},&quot;last_row&quot;:&quot;justify&quot;,&quot;enable_popup&quot;:&quot;yes&quot;}\" data-widget_type=\"ha-justified-gallery.default\">\n\t\t\t\t<div class=\"elementor-widget-container\">\n\t\t\t\t\t\n\t\t<div class=\"ha-justified-grid__wrap hajs-justified-grid\">\n\t\t\t\t\t\t\t<a href=\"#\" data-mfp-src=\"https:\/\/icom-digital.net\/wp-content\/uploads\/2024\/02\/876608c480685cf4d069e45588f8d2cc.jpg\" class=\"ha-justified-grid__item ha-js-lightbox __fltr-1\" title=\"\">\n\t\t\t\t\t<img loading=\"lazy\" decoding=\"async\" width=\"564\" height=\"564\" src=\"https:\/\/icom-digital.net\/wp-content\/uploads\/2024\/02\/876608c480685cf4d069e45588f8d2cc.jpg\" class=\"elementor-animation-grow\" alt=\"\" srcset=\"https:\/\/icom-digital.net\/wp-content\/uploads\/2024\/02\/876608c480685cf4d069e45588f8d2cc.jpg 564w, https:\/\/icom-digital.net\/wp-content\/uploads\/2024\/02\/876608c480685cf4d069e45588f8d2cc-300x300.jpg 300w, https:\/\/icom-digital.net\/wp-content\/uploads\/2024\/02\/876608c480685cf4d069e45588f8d2cc-150x150.jpg 150w\" sizes=\"(max-width: 564px) 100vw, 564px\" \/>\t\t\t\t<\/a>\n\t\t\t\t\t\t\t<a href=\"#\" data-mfp-src=\"https:\/\/icom-digital.net\/wp-content\/uploads\/2024\/02\/281482bfd3526be3b628e29558757447.jpg\" class=\"ha-justified-grid__item ha-js-lightbox __fltr-1\" title=\"\">\n\t\t\t\t\t<img loading=\"lazy\" decoding=\"async\" width=\"564\" height=\"564\" src=\"https:\/\/icom-digital.net\/wp-content\/uploads\/2024\/02\/281482bfd3526be3b628e29558757447.jpg\" class=\"elementor-animation-grow\" alt=\"\" srcset=\"https:\/\/icom-digital.net\/wp-content\/uploads\/2024\/02\/281482bfd3526be3b628e29558757447.jpg 564w, https:\/\/icom-digital.net\/wp-content\/uploads\/2024\/02\/281482bfd3526be3b628e29558757447-300x300.jpg 300w, https:\/\/icom-digital.net\/wp-content\/uploads\/2024\/02\/281482bfd3526be3b628e29558757447-150x150.jpg 150w\" sizes=\"(max-width: 564px) 100vw, 564px\" \/>\t\t\t\t<\/a>\n\t\t\t\t\t\t\t<a href=\"#\" data-mfp-src=\"https:\/\/icom-digital.net\/wp-content\/uploads\/2024\/02\/ec1a109fddbcf7d0b803a3102a408a52.jpg\" class=\"ha-justified-grid__item ha-js-lightbox __fltr-1\" title=\"\">\n\t\t\t\t\t<img loading=\"lazy\" decoding=\"async\" width=\"563\" height=\"423\" src=\"https:\/\/icom-digital.net\/wp-content\/uploads\/2024\/02\/ec1a109fddbcf7d0b803a3102a408a52.jpg\" class=\"elementor-animation-grow\" alt=\"\" srcset=\"https:\/\/icom-digital.net\/wp-content\/uploads\/2024\/02\/ec1a109fddbcf7d0b803a3102a408a52.jpg 563w, https:\/\/icom-digital.net\/wp-content\/uploads\/2024\/02\/ec1a109fddbcf7d0b803a3102a408a52-300x225.jpg 300w\" sizes=\"(max-width: 563px) 100vw, 563px\" \/>\t\t\t\t<\/a>\n\t\t\t\t\t<\/div>\n\n\t\t\t\t\t\t<\/div>\n\t\t\t\t<\/div>\n\t\t\t\t\t<\/div>\n\t\t<\/div>\n\t\t\t\t\t<\/div>\n\t\t<\/section>\n\t\t\t\t<\/div>\n\t\t","protected":false},"excerpt":{"rendered":"<p>Tiendas &#038; aplicaciones PayMal App PayMal es una plataforma electr\u00f3nica operada a trav\u00e9s de un sitio web y una aplicaci\u00f3n m\u00f3vil para transferir dinero de manera segura, confiable y r\u00e1pida a trav\u00e9s de un m\u00e9todo de pago seguro. GiftStore GiftStore es una aplicaci\u00f3n para enviar regalos entre amigos mediante el pago de un valor espec\u00edfico para el regalo a la cuenta de un usuario compartido en la misma aplicaci\u00f3n. Esto le permite al destinatario elegir el regalo que desea y enviarlo a su direcci\u00f3n en cualquier parte del mundo.<\/p>\n","protected":false},"author":1,"featured_media":0,"parent":0,"menu_order":0,"comment_status":"closed","ping_status":"closed","template":"","meta":{"footnotes":""},"class_list":["post-8711","page","type-page","status-publish","hentry"],"_links":{"self":[{"href":"https:\/\/icom-digital.net\/es\/wp-json\/wp\/v2\/pages\/8711","targetHints":{"allow":["GET"]}}],"collection":[{"href":"https:\/\/icom-digital.net\/es\/wp-json\/wp\/v2\/pages"}],"about":[{"href":"https:\/\/icom-digital.net\/es\/wp-json\/wp\/v2\/types\/page"}],"author":[{"embeddable":true,"href":"https:\/\/icom-digital.net\/es\/wp-json\/wp\/v2\/users\/1"}],"replies":[{"embeddable":true,"href":"https:\/\/icom-digital.net\/es\/wp-json\/wp\/v2\/comments?post=8711"}],"version-history":[{"count":4,"href":"https:\/\/icom-digital.net\/es\/wp-json\/wp\/v2\/pages\/8711\/revisions"}],"predecessor-version":[{"id":8715,"href":"https:\/\/icom-digital.net\/es\/wp-json\/wp\/v2\/pages\/8711\/revisions\/8715"}],"wp:attachment":[{"href":"https:\/\/icom-digital.net\/es\/wp-json\/wp\/v2\/media?parent=8711"}],"curies":[{"name":"wp","href":"https:\/\/api.w.org\/{rel}","templated":true}]}}