{"id":8646,"date":"2024-03-02T07:01:21","date_gmt":"2024-03-02T07:01:21","guid":{"rendered":"https:\/\/icom-digital.net\/sports-investment\/"},"modified":"2024-03-18T09:14:58","modified_gmt":"2024-03-18T09:14:58","slug":"inversion-deportiva","status":"publish","type":"page","link":"https:\/\/icom-digital.net\/es\/inversion-deportiva\/","title":{"rendered":"Inversi\u00f3n Deportiva"},"content":{"rendered":"\t\t<div data-elementor-type=\"wp-page\" data-elementor-id=\"8646\" class=\"elementor elementor-8646\" data-elementor-settings=\"{&quot;ha_cmc_init_switcher&quot;:&quot;no&quot;}\">\n\t\t\t\t\t\t<section class=\"elementor-section elementor-top-section elementor-element elementor-element-54607eb elementor-section-height-min-height elementor-section-boxed elementor-section-height-default elementor-section-items-middle wpr-particle-no wpr-jarallax-no wpr-parallax-no wpr-sticky-section-no wpr-equal-height-no\" data-id=\"54607eb\" data-element_type=\"section\" data-e-type=\"section\" data-settings=\"{&quot;background_background&quot;:&quot;classic&quot;,&quot;_ha_eqh_enable&quot;:false}\">\n\t\t\t\t\t\t\t<div class=\"elementor-background-overlay\"><\/div>\n\t\t\t\t\t\t\t<div class=\"elementor-container elementor-column-gap-default\">\n\t\t\t\t\t<div class=\"elementor-column elementor-col-100 elementor-top-column elementor-element elementor-element-ba6d942\" data-id=\"ba6d942\" data-element_type=\"column\" data-e-type=\"column\">\n\t\t\t<div class=\"elementor-widget-wrap elementor-element-populated\">\n\t\t\t\t\t\t<div class=\"elementor-element elementor-element-1f0a8de elementor-widget elementor-widget-heading\" data-id=\"1f0a8de\" data-element_type=\"widget\" data-e-type=\"widget\" data-widget_type=\"heading.default\">\n\t\t\t\t<div class=\"elementor-widget-container\">\n\t\t\t\t\t<h2 class=\"elementor-heading-title elementor-size-default\">Inversi\u00f3n Deportiva<\/h2>\t\t\t\t<\/div>\n\t\t\t\t<\/div>\n\t\t\t\t<div class=\"elementor-element elementor-element-46e733c elementor-widget-divider--view-line elementor-widget elementor-widget-divider\" data-id=\"46e733c\" data-element_type=\"widget\" data-e-type=\"widget\" data-widget_type=\"divider.default\">\n\t\t\t\t<div class=\"elementor-widget-container\">\n\t\t\t\t\t\t\t<div class=\"elementor-divider\">\n\t\t\t<span class=\"elementor-divider-separator\">\n\t\t\t\t\t\t<\/span>\n\t\t<\/div>\n\t\t\t\t\t\t<\/div>\n\t\t\t\t<\/div>\n\t\t\t\t\t<\/div>\n\t\t<\/div>\n\t\t\t\t\t<\/div>\n\t\t<\/section>\n\t\t\t\t<section class=\"elementor-section elementor-top-section elementor-element elementor-element-f4774b1 elementor-section-boxed elementor-section-height-default elementor-section-height-default wpr-particle-no wpr-jarallax-no wpr-parallax-no wpr-sticky-section-no wpr-equal-height-no\" data-id=\"f4774b1\" data-element_type=\"section\" data-e-type=\"section\" data-settings=\"{&quot;_ha_eqh_enable&quot;:false}\">\n\t\t\t\t\t\t<div class=\"elementor-container elementor-column-gap-default\">\n\t\t\t\t\t<div class=\"elementor-column elementor-col-50 elementor-top-column elementor-element elementor-element-2f2effc\" data-id=\"2f2effc\" data-element_type=\"column\" data-e-type=\"column\">\n\t\t\t<div class=\"elementor-widget-wrap elementor-element-populated\">\n\t\t\t\t\t\t<div class=\"elementor-element elementor-element-b7020ed elementor-invisible elementor-widget elementor-widget-heading\" data-id=\"b7020ed\" data-element_type=\"widget\" data-e-type=\"widget\" data-settings=\"{&quot;_animation&quot;:&quot;fadeInDown&quot;}\" data-widget_type=\"heading.default\">\n\t\t\t\t<div class=\"elementor-widget-container\">\n\t\t\t\t\t<h3 class=\"elementor-heading-title elementor-size-default\">Inversi\u00f3n Deportiva<\/h3>\t\t\t\t<\/div>\n\t\t\t\t<\/div>\n\t\t\t\t<div class=\"elementor-element elementor-element-8949dc2 elementor-widget-divider--view-line elementor-invisible elementor-widget elementor-widget-divider\" data-id=\"8949dc2\" data-element_type=\"widget\" data-e-type=\"widget\" data-settings=\"{&quot;_animation&quot;:&quot;fadeInDown&quot;}\" data-widget_type=\"divider.default\">\n\t\t\t\t<div class=\"elementor-widget-container\">\n\t\t\t\t\t\t\t<div class=\"elementor-divider\">\n\t\t\t<span class=\"elementor-divider-separator\">\n\t\t\t\t\t\t<\/span>\n\t\t<\/div>\n\t\t\t\t\t\t<\/div>\n\t\t\t\t<\/div>\n\t\t\t\t<div class=\"elementor-element elementor-element-efa6bfa elementor-invisible elementor-widget elementor-widget-text-editor\" data-id=\"efa6bfa\" data-element_type=\"widget\" data-e-type=\"widget\" data-settings=\"{&quot;_animation&quot;:&quot;fadeInUp&quot;}\" data-widget_type=\"text-editor.default\">\n\t\t\t\t<div class=\"elementor-widget-container\">\n\t\t\t\t\t\t\t\t\t<p><span style=\"font-weight: 400;\">El observador de la actividad econ\u00f3mica encuentra que la relaci\u00f3n entre el deporte y la econom\u00eda es una relaci\u00f3n antigua y s\u00f3lida. Los clubes deportivos en Europa, Am\u00e9rica del Norte, Am\u00e9rica del Sur y varios otros pa\u00edses del mundo se han convertido en instituciones comerciales que hablan el idioma de miles de millones, Sus acciones se cotizan en bolsas de valores internacionales y generan ganancias significativas, e incluso sus ingresos financieros han aumentado de manera exponencial a trav\u00e9s de diversas y m\u00faltiples inversiones, Este es el caso de cualquier empresa comercial, industrial y financiera que opere de forma rentable.<\/span><\/p>\t\t\t\t\t\t\t\t<\/div>\n\t\t\t\t<\/div>\n\t\t\t\t<div class=\"elementor-element elementor-element-5dad304 elementor-invisible elementor-widget elementor-widget-text-editor\" data-id=\"5dad304\" data-element_type=\"widget\" data-e-type=\"widget\" data-settings=\"{&quot;_animation&quot;:&quot;fadeInUp&quot;}\" data-widget_type=\"text-editor.default\">\n\t\t\t\t<div class=\"elementor-widget-container\">\n\t\t\t\t\t\t\t\t\t<p><span style=\"font-weight: 400;\">Esta relaci\u00f3n ha crecido r\u00e1pidamente en los \u00faltimos a\u00f1os, y la relaci\u00f3n entre la econom\u00eda y el deporte est\u00e1 tomando seriedad y profesionalismo en la inversi\u00f3n. El inversionista en instituciones deportivas ha logrado un avance cualitativo en las instalaciones deportivas y econ\u00f3micas, el desarrollo de juegos y el aumento de los ingresos a trav\u00e9s de muchos proyectos, incluida la adopci\u00f3n de talentos deportivos. Por lo tanto, muchos pa\u00edses europeos, especialmente Francia, han recurrido a la adopci\u00f3n de talentos en el f\u00fatbol de \u00c1frica, firmando contratos con ellos a una edad temprana, capacit\u00e1ndolos, perfeccionando sus habilidades y vendiendo sus contratos por sumas que les aseguran ganancias exorbitantes.<\/span><span style=\"font-weight: 400;\"> Alliyanz Sports Investment<\/span><span style=\"font-weight: 400;\"> es la primera empresa en Europa en incursionar en la adopci\u00f3n de este tipo de inversi\u00f3n,y de las formas m\u00e1s destacadas de inversi\u00f3n deportiva que hece:<\/span><\/p>\t\t\t\t\t\t\t\t<\/div>\n\t\t\t\t<\/div>\n\t\t\t\t<div class=\"elementor-element elementor-element-1869e51 elementor-invisible elementor-widget elementor-widget-text-editor\" data-id=\"1869e51\" data-element_type=\"widget\" data-e-type=\"widget\" data-settings=\"{&quot;_animation&quot;:&quot;fadeInUp&quot;}\" data-widget_type=\"text-editor.default\">\n\t\t\t\t<div class=\"elementor-widget-container\">\n\t\t\t\t\t\t\t\t\t<ul><li><span style=\"font-weight: 400;\">Inversi\u00f3n en la compra de clubes deportivos<\/span><\/li><li><span style=\"font-weight: 400;\">Inversi\u00f3n en el establecimiento de academias deportivas.<\/span><\/li><li><span style=\"font-weight: 400;\">Inversi\u00f3n en la compra de jugadores<\/span><\/li><li><span style=\"font-weight: 400;\">Inversi\u00f3n en marketing deportivo.<\/span><\/li><li><span style=\"font-weight: 400;\">Inversi\u00f3n en medicina deportiva<\/span><\/li><\/ul>\t\t\t\t\t\t\t\t<\/div>\n\t\t\t\t<\/div>\n\t\t\t\t\t<\/div>\n\t\t<\/div>\n\t\t\t\t<div class=\"elementor-column elementor-col-50 elementor-top-column elementor-element elementor-element-fd56273\" data-id=\"fd56273\" data-element_type=\"column\" data-e-type=\"column\">\n\t\t\t<div class=\"elementor-widget-wrap elementor-element-populated\">\n\t\t\t\t\t\t<div class=\"elementor-element elementor-element-771b266 e-transform e-transform elementor-invisible elementor-widget elementor-widget-image\" data-id=\"771b266\" data-element_type=\"widget\" data-e-type=\"widget\" data-settings=\"{&quot;_transform_translateY_effect_hover&quot;:{&quot;unit&quot;:&quot;px&quot;,&quot;size&quot;:-15,&quot;sizes&quot;:[]},&quot;_transform_scale_effect_hover&quot;:{&quot;unit&quot;:&quot;px&quot;,&quot;size&quot;:1.05,&quot;sizes&quot;:[]},&quot;_animation&quot;:&quot;zoomIn&quot;,&quot;_transform_translateX_effect_hover&quot;:{&quot;unit&quot;:&quot;px&quot;,&quot;size&quot;:&quot;&quot;,&quot;sizes&quot;:[]},&quot;_transform_translateX_effect_hover_tablet&quot;:{&quot;unit&quot;:&quot;px&quot;,&quot;size&quot;:&quot;&quot;,&quot;sizes&quot;:[]},&quot;_transform_translateX_effect_hover_mobile&quot;:{&quot;unit&quot;:&quot;px&quot;,&quot;size&quot;:&quot;&quot;,&quot;sizes&quot;:[]},&quot;_transform_translateY_effect_hover_tablet&quot;:{&quot;unit&quot;:&quot;px&quot;,&quot;size&quot;:&quot;&quot;,&quot;sizes&quot;:[]},&quot;_transform_translateY_effect_hover_mobile&quot;:{&quot;unit&quot;:&quot;px&quot;,&quot;size&quot;:&quot;&quot;,&quot;sizes&quot;:[]},&quot;_transform_scale_effect_hover_tablet&quot;:{&quot;unit&quot;:&quot;px&quot;,&quot;size&quot;:&quot;&quot;,&quot;sizes&quot;:[]},&quot;_transform_scale_effect_hover_mobile&quot;:{&quot;unit&quot;:&quot;px&quot;,&quot;size&quot;:&quot;&quot;,&quot;sizes&quot;:[]}}\" data-widget_type=\"image.default\">\n\t\t\t\t<div class=\"elementor-widget-container\">\n\t\t\t\t\t\t\t\t\t\t\t\t\t\t\t<img fetchpriority=\"high\" decoding=\"async\" width=\"564\" height=\"752\" src=\"https:\/\/icom-digital.net\/wp-content\/uploads\/2024\/03\/ab4236f151b2a1736f7c6906bf0efcc6.jpg\" class=\"attachment-large size-large wp-image-4890\" alt=\"\" srcset=\"https:\/\/icom-digital.net\/wp-content\/uploads\/2024\/03\/ab4236f151b2a1736f7c6906bf0efcc6.jpg 564w, https:\/\/icom-digital.net\/wp-content\/uploads\/2024\/03\/ab4236f151b2a1736f7c6906bf0efcc6-225x300.jpg 225w\" sizes=\"(max-width: 564px) 100vw, 564px\" \/>\t\t\t\t\t\t\t\t\t\t\t\t\t\t\t<\/div>\n\t\t\t\t<\/div>\n\t\t\t\t\t<\/div>\n\t\t<\/div>\n\t\t\t\t\t<\/div>\n\t\t<\/section>\n\t\t\t\t<\/div>\n\t\t","protected":false},"excerpt":{"rendered":"<p>Inversi\u00f3n Deportiva Inversi\u00f3n Deportiva El observador de la actividad econ\u00f3mica encuentra que la relaci\u00f3n entre el deporte y la econom\u00eda es una relaci\u00f3n antigua y s\u00f3lida. Los clubes deportivos en Europa, Am\u00e9rica del Norte, Am\u00e9rica del Sur y varios otros pa\u00edses del mundo se han convertido en instituciones comerciales que hablan el idioma de miles de millones, Sus acciones se cotizan en bolsas de valores internacionales y generan ganancias significativas, e incluso sus ingresos financieros han aumentado de manera exponencial a trav\u00e9s de diversas y m\u00faltiples inversiones, Este es el caso de cualquier empresa comercial, industrial y financiera que opere de forma rentable. Esta relaci\u00f3n ha crecido r\u00e1pidamente en los \u00faltimos a\u00f1os, y la relaci\u00f3n entre la econom\u00eda y el deporte est\u00e1 tomando seriedad y profesionalismo en la inversi\u00f3n. El inversionista en instituciones deportivas ha logrado un avance cualitativo en las instalaciones deportivas y econ\u00f3micas, el desarrollo de juegos y el aumento de los ingresos a trav\u00e9s de muchos proyectos, incluida la adopci\u00f3n de talentos deportivos. Por lo tanto, muchos pa\u00edses europeos, especialmente Francia, han recurrido a la adopci\u00f3n de talentos en el f\u00fatbol de \u00c1frica, firmando contratos con ellos a una edad temprana, capacit\u00e1ndolos, perfeccionando sus habilidades y vendiendo sus contratos por sumas que les aseguran ganancias exorbitantes. Alliyanz Sports Investment es la primera empresa en Europa en incursionar en la adopci\u00f3n de este tipo de inversi\u00f3n,y de las formas m\u00e1s destacadas de inversi\u00f3n deportiva que hece: Inversi\u00f3n en la compra de clubes deportivos Inversi\u00f3n en el establecimiento de academias deportivas. Inversi\u00f3n en la compra de jugadores Inversi\u00f3n en marketing deportivo. Inversi\u00f3n en medicina deportiva<\/p>\n","protected":false},"author":1,"featured_media":0,"parent":0,"menu_order":0,"comment_status":"closed","ping_status":"closed","template":"","meta":{"footnotes":""},"class_list":["post-8646","page","type-page","status-publish","hentry"],"_links":{"self":[{"href":"https:\/\/icom-digital.net\/es\/wp-json\/wp\/v2\/pages\/8646","targetHints":{"allow":["GET"]}}],"collection":[{"href":"https:\/\/icom-digital.net\/es\/wp-json\/wp\/v2\/pages"}],"about":[{"href":"https:\/\/icom-digital.net\/es\/wp-json\/wp\/v2\/types\/page"}],"author":[{"embeddable":true,"href":"https:\/\/icom-digital.net\/es\/wp-json\/wp\/v2\/users\/1"}],"replies":[{"embeddable":true,"href":"https:\/\/icom-digital.net\/es\/wp-json\/wp\/v2\/comments?post=8646"}],"version-history":[{"count":4,"href":"https:\/\/icom-digital.net\/es\/wp-json\/wp\/v2\/pages\/8646\/revisions"}],"predecessor-version":[{"id":8650,"href":"https:\/\/icom-digital.net\/es\/wp-json\/wp\/v2\/pages\/8646\/revisions\/8650"}],"wp:attachment":[{"href":"https:\/\/icom-digital.net\/es\/wp-json\/wp\/v2\/media?parent=8646"}],"curies":[{"name":"wp","href":"https:\/\/api.w.org\/{rel}","templated":true}]}}