{"id":8608,"date":"2024-03-01T14:30:32","date_gmt":"2024-03-01T14:30:32","guid":{"rendered":"https:\/\/icom-digital.net\/a-contributing-partner-in-businessmen-and-women\/"},"modified":"2024-03-18T10:15:15","modified_gmt":"2024-03-18T10:15:15","slug":"un-socio-colaborador-en-los-empresarios-y-mujeres","status":"publish","type":"page","link":"https:\/\/icom-digital.net\/es\/un-socio-colaborador-en-los-empresarios-y-mujeres\/","title":{"rendered":"Un socio colaborador en los empresarios y mujeres"},"content":{"rendered":"\t\t<div data-elementor-type=\"wp-page\" data-elementor-id=\"8608\" class=\"elementor elementor-8608\" data-elementor-settings=\"{&quot;ha_cmc_init_switcher&quot;:&quot;no&quot;}\">\n\t\t\t\t\t\t<section class=\"elementor-section elementor-top-section elementor-element elementor-element-0baffd5 elementor-section-height-min-height elementor-section-boxed elementor-section-height-default elementor-section-items-middle wpr-particle-no wpr-jarallax-no wpr-parallax-no wpr-sticky-section-no wpr-equal-height-no\" data-id=\"0baffd5\" data-element_type=\"section\" data-e-type=\"section\" data-settings=\"{&quot;background_background&quot;:&quot;classic&quot;,&quot;_ha_eqh_enable&quot;:false}\">\n\t\t\t\t\t\t\t<div class=\"elementor-background-overlay\"><\/div>\n\t\t\t\t\t\t\t<div class=\"elementor-container elementor-column-gap-default\">\n\t\t\t\t\t<div class=\"elementor-column elementor-col-100 elementor-top-column elementor-element elementor-element-0ce2cbf\" data-id=\"0ce2cbf\" data-element_type=\"column\" data-e-type=\"column\">\n\t\t\t<div class=\"elementor-widget-wrap elementor-element-populated\">\n\t\t\t\t\t\t<div class=\"elementor-element elementor-element-6c5b48d elementor-widget elementor-widget-heading\" data-id=\"6c5b48d\" data-element_type=\"widget\" data-e-type=\"widget\" data-widget_type=\"heading.default\">\n\t\t\t\t<div class=\"elementor-widget-container\">\n\t\t\t\t\t<h2 class=\"elementor-heading-title elementor-size-default\">Solicite convertirse en socio accionista de Alliyanz Holding para hombres y mujeres de negocios<\/h2>\t\t\t\t<\/div>\n\t\t\t\t<\/div>\n\t\t\t\t<div class=\"elementor-element elementor-element-59c13a7 elementor-widget-divider--view-line elementor-widget elementor-widget-divider\" data-id=\"59c13a7\" data-element_type=\"widget\" data-e-type=\"widget\" data-widget_type=\"divider.default\">\n\t\t\t\t<div class=\"elementor-widget-container\">\n\t\t\t\t\t\t\t<div class=\"elementor-divider\">\n\t\t\t<span class=\"elementor-divider-separator\">\n\t\t\t\t\t\t<\/span>\n\t\t<\/div>\n\t\t\t\t\t\t<\/div>\n\t\t\t\t<\/div>\n\t\t\t\t\t<\/div>\n\t\t<\/div>\n\t\t\t\t\t<\/div>\n\t\t<\/section>\n\t\t\t\t<section class=\"elementor-section elementor-top-section elementor-element elementor-element-0c5fed8 elementor-section-boxed elementor-section-height-default elementor-section-height-default wpr-particle-no wpr-jarallax-no wpr-parallax-no wpr-sticky-section-no wpr-equal-height-no\" data-id=\"0c5fed8\" data-element_type=\"section\" data-e-type=\"section\" data-settings=\"{&quot;_ha_eqh_enable&quot;:false}\">\n\t\t\t\t\t\t<div class=\"elementor-container elementor-column-gap-default\">\n\t\t\t\t\t<div class=\"elementor-column elementor-col-100 elementor-top-column elementor-element elementor-element-965cd25\" data-id=\"965cd25\" data-element_type=\"column\" data-e-type=\"column\">\n\t\t\t<div class=\"elementor-widget-wrap elementor-element-populated\">\n\t\t\t\t\t\t<div class=\"elementor-element elementor-element-e45b52f elementor-widget elementor-widget-text-editor\" data-id=\"e45b52f\" data-element_type=\"widget\" data-e-type=\"widget\" data-widget_type=\"text-editor.default\">\n\t\t\t\t<div class=\"elementor-widget-container\">\n\t\t\t\t\t\t\t\t\t<p><span style=\"font-weight: 400;\"><strong>Alliyanz Holding<\/strong> permite a empresas, instituciones, casas comerciales y empresarios, tanto hombres como mujeres, adquirir acciones en la empresa en diversas actividades, servicios y subsidiarias. Esto se realiza con el objetivo de aumentar el capital operativo y desarrollar la direcci\u00f3n de expansi\u00f3n de la empresa en todos los sectores y servicios en m\u00faltiples pa\u00edses del mundo.<\/span><\/p>\t\t\t\t\t\t\t\t<\/div>\n\t\t\t\t<\/div>\n\t\t\t\t\t<\/div>\n\t\t<\/div>\n\t\t\t\t\t<\/div>\n\t\t<\/section>\n\t\t\t\t<section class=\"elementor-section elementor-top-section elementor-element elementor-element-d17265c elementor-section-boxed elementor-section-height-default elementor-section-height-default wpr-particle-no wpr-jarallax-no wpr-parallax-no wpr-sticky-section-no wpr-equal-height-no\" data-id=\"d17265c\" data-element_type=\"section\" data-e-type=\"section\" data-settings=\"{&quot;_ha_eqh_enable&quot;:false}\">\n\t\t\t\t\t\t<div class=\"elementor-container elementor-column-gap-default\">\n\t\t\t\t\t<div class=\"elementor-column elementor-col-100 elementor-top-column elementor-element elementor-element-6eccecd\" data-id=\"6eccecd\" data-element_type=\"column\" data-e-type=\"column\">\n\t\t\t<div class=\"elementor-widget-wrap elementor-element-populated\">\n\t\t\t\t\t\t<div class=\"elementor-element elementor-element-7fe29b8 elementor-widget elementor-widget-shortcode\" data-id=\"7fe29b8\" data-element_type=\"widget\" data-e-type=\"widget\" data-widget_type=\"shortcode.default\">\n\t\t\t\t<div class=\"elementor-widget-container\">\n\t\t\t\t\t\t\t<div class=\"elementor-shortcode\"><div class=\"forminator-ui forminator-custom-form forminator-custom-form-8736 forminator-design--material  forminator_ajax\" data-forminator-render=\"0\" data-form=\"forminator-module-8736\" data-uid=\"69e1e84d07d2e\"><br\/><\/div><form\n\t\t\t\tid=\"forminator-module-8736\"\n\t\t\t\tclass=\"forminator-ui forminator-custom-form forminator-custom-form-8736 forminator-design--material  forminator_ajax\"\n\t\t\t\tmethod=\"post\"\n\t\t\t\tdata-forminator-render=\"0\"\n\t\t\t\tdata-form-id=\"8736\"\n\t\t\t\t data-color-option=\"default\" data-design=\"material\" data-grid=\"open\" style=\"display: none;\"\n\t\t\t\tdata-uid=\"69e1e84d07d2e\"\n\t\t\t><div role=\"alert\" aria-live=\"polite\" class=\"forminator-response-message forminator-error\" aria-hidden=\"true\"><\/div><div class=\"forminator-row\"><div id=\"name-1\" class=\"forminator-field-name forminator-col forminator-col-6 \"><div class=\"forminator-field\"><label for=\"forminator-field-name-1_69e1e84d07d2e\" id=\"forminator-field-name-1_69e1e84d07d2e-label\" class=\"forminator-label\">Nombre <span class=\"forminator-required\">*<\/span><\/label><input type=\"text\" name=\"name-1\" value=\"\" placeholder=\"\" id=\"forminator-field-name-1_69e1e84d07d2e\" class=\"forminator-input forminator-name--field\" aria-required=\"true\" autocomplete=\"name\" \/><\/div><\/div><div id=\"phone-2\" class=\"forminator-field-phone forminator-col forminator-col-6 \"><div class=\"forminator-field\"><label for=\"forminator-field-phone-2_69e1e84d07d2e\" id=\"forminator-field-phone-2_69e1e84d07d2e-label\" class=\"forminator-label\">N\u00famero de tel\u00e9fono m\u00f3vil <span class=\"forminator-required\">*<\/span><\/label><input type=\"text\" name=\"phone-2\" value=\"\" placeholder=\"\" id=\"forminator-field-phone-2_69e1e84d07d2e\" class=\"forminator-input forminator-field--phone\" data-required=\"1\" aria-required=\"true\" autocomplete=\"off\" \/><\/div><\/div><\/div><div class=\"forminator-row\"><div id=\"email-1\" class=\"forminator-field-email forminator-col forminator-col-12 \"><div class=\"forminator-field\"><label for=\"forminator-field-email-1_69e1e84d07d2e\" id=\"forminator-field-email-1_69e1e84d07d2e-label\" class=\"forminator-label\">Correo electr\u00f3nico<\/label><input type=\"email\" name=\"email-1\" value=\"\" placeholder=\"\" id=\"forminator-field-email-1_69e1e84d07d2e\" class=\"forminator-input forminator-email--field\" data-required=\"\" aria-required=\"false\" autocomplete=\"email\" \/><\/div><\/div><\/div><div class=\"forminator-row\"><div id=\"name-2\" class=\"forminator-field-name forminator-col forminator-col-6 \"><div class=\"forminator-field\"><label for=\"forminator-field-name-2_69e1e84d07d2e\" id=\"forminator-field-name-2_69e1e84d07d2e-label\" class=\"forminator-label\">Pa\u00eds <span class=\"forminator-required\">*<\/span><\/label><input type=\"text\" name=\"name-2\" value=\"\" placeholder=\"\" id=\"forminator-field-name-2_69e1e84d07d2e\" class=\"forminator-input forminator-name--field\" aria-required=\"true\" autocomplete=\"name\" \/><\/div><\/div><div id=\"name-3\" class=\"forminator-field-name forminator-col forminator-col-6 \"><div class=\"forminator-field\"><label for=\"forminator-field-name-3_69e1e84d07d2e\" id=\"forminator-field-name-3_69e1e84d07d2e-label\" class=\"forminator-label\">Ciudad <span class=\"forminator-required\">*<\/span><\/label><input type=\"text\" name=\"name-3\" value=\"\" placeholder=\"\" id=\"forminator-field-name-3_69e1e84d07d2e\" class=\"forminator-input forminator-name--field\" aria-required=\"true\" autocomplete=\"name\" \/><\/div><\/div><\/div><div class=\"forminator-row\"><div id=\"textarea-1\" class=\"forminator-field-textarea forminator-col forminator-col-12 \"><div class=\"forminator-field\"><label for=\"forminator-field-textarea-1_69e1e84d07d2e\" id=\"forminator-field-textarea-1_69e1e84d07d2e-label\" class=\"forminator-label\">\u00bfHa realizado alg\u00fan trabajo independiente antes? Descr\u00edbalo brevemente: <span class=\"forminator-required\">*<\/span><\/label><textarea name=\"textarea-1\" placeholder=\"\" id=\"forminator-field-textarea-1_69e1e84d07d2e\" class=\"forminator-textarea\" rows=\"6\" style=\"min-height:140px;\" ><\/textarea><span id=\"forminator-field-textarea-1_69e1e84d07d2e-description\" class=\"forminator-description\"><span data-limit=\"500\" data-type=\"words\" data-editor=\"\">0 \/ 500<\/span><\/span><\/div><\/div><\/div><div class=\"forminator-row\"><div id=\"text-1\" class=\"forminator-field-text forminator-col forminator-col-12 \"><div class=\"forminator-field\"><label for=\"forminator-field-text-1_69e1e84d07d2e\" id=\"forminator-field-text-1_69e1e84d07d2e-label\" class=\"forminator-label\">Capital que desea invertir en una de nuestras empresas($) <span class=\"forminator-required\">*<\/span><\/label><input type=\"text\" name=\"text-1\" value=\"\" placeholder=\"\" id=\"forminator-field-text-1_69e1e84d07d2e\" class=\"forminator-input forminator-name--field\" data-required=\"1\" \/><\/div><\/div><\/div><div class=\"forminator-row\"><div id=\"group-1\" class=\"forminator-field-group forminator-col forminator-col-12 \"><div class=\"forminator-all-group-copies forminator-repeater-field\"><div class=\"forminator-grouped-fields\" data-options=\"{&quot;is_repeater&quot;:true,&quot;min_type&quot;:&quot;custom&quot;,&quot;max_type&quot;:&quot;custom&quot;,&quot;min&quot;:1,&quot;max&quot;:9223372036854775807,&quot;add_text&quot;:&quot;A\\u00f1adir elemento&quot;,&quot;remove_text&quot;:&quot;Eliminar art\\u00edculo&quot;,&quot;action_element_type&quot;:&quot;button&quot;}\"><div class=\"forminator-row\"><div id=\"radio-3\" class=\"forminator-field-radio forminator-col forminator-col-12 \"><div role=\"radiogroup\" class=\"forminator-field\" aria-labelledby=\"forminator-radiogroup-radio-3-69e1e84d07d2e-label\"><span id=\"forminator-radiogroup-radio-3-69e1e84d07d2e-label\" class=\"forminator-label\">\u00bfTiene otros campos de trabajo actualmente?<\/span><label id=\"forminator-field-radio-3-label-1\" for=\"forminator-field-radio-3-1-69e1e84d07d2e\" class=\"forminator-radio\" title=\"No, no tenemos otros campos de trabajo.\"><input type=\"radio\" name=\"radio-3\" value=\"one\" id=\"forminator-field-radio-3-1-69e1e84d07d2e\" aria-labelledby=\"forminator-field-radio-3-label-1\" data-calculation=\"0\"   data-hidden-behavior=\"zero\"\/><span class=\"forminator-radio-bullet\" aria-hidden=\"true\"><\/span><span class=\"forminator-radio-label\">No, no tenemos otros campos de trabajo.<\/span><\/label><label id=\"forminator-field-radio-3-label-2\" for=\"forminator-field-radio-3-2-69e1e84d07d2e\" class=\"forminator-radio\" title=\"S\u00ed, tenemos otros campos de trabajo.\"><input type=\"radio\" name=\"radio-3\" value=\"two\" id=\"forminator-field-radio-3-2-69e1e84d07d2e\" aria-labelledby=\"forminator-field-radio-3-label-2\" data-calculation=\"0\"   data-hidden-behavior=\"zero\"\/><span class=\"forminator-radio-bullet\" aria-hidden=\"true\"><\/span><span class=\"forminator-radio-label\">S\u00ed, tenemos otros campos de trabajo.<\/span><\/label><\/div><\/div><\/div><div class=\"forminator-row\"><div id=\"text-2\" class=\"forminator-field-text forminator-col forminator-col-12 \"><div class=\"forminator-field\"><input type=\"text\" name=\"text-2\" value=\"1.\" placeholder=\"\" id=\"forminator-field-text-2_69e1e84d07d2e\" class=\"forminator-input forminator-name--field\" data-required=\"\" \/><\/div><\/div><\/div><div class=\"forminator-row\"><div id=\"text-3\" class=\"forminator-field-text forminator-col forminator-col-12 \"><div class=\"forminator-field\"><input type=\"text\" name=\"text-3\" value=\"2.\" placeholder=\"\" id=\"forminator-field-text-3_69e1e84d07d2e\" class=\"forminator-input forminator-name--field\" data-required=\"\" \/><\/div><\/div><\/div><div class=\"forminator-row\"><div id=\"text-4\" class=\"forminator-field-text forminator-col forminator-col-12 \"><div class=\"forminator-field\"><input type=\"text\" name=\"text-4\" value=\"3.\" placeholder=\"\" id=\"forminator-field-text-4_69e1e84d07d2e\" class=\"forminator-input forminator-name--field\" data-required=\"\" \/><\/div><\/div><\/div><div class=\"forminator-row forminator-action-buttons\"><div class=\"forminator-col forminator-col-12\"><input type=\"button\" value=\"A\u00f1adir elemento\" class=\"forminator-repeater-action-button forminator-repeater-add\" \/><input type=\"button\" value=\"Eliminar art\u00edculo\" class=\"forminator-repeater-action-button forminator-repeater-remove\" \/><\/div><\/div><\/div><\/div><\/div><\/div><div class=\"forminator-row\"><div id=\"textarea-2\" class=\"forminator-field-textarea forminator-col forminator-col-12 \"><div class=\"forminator-field\"><label for=\"forminator-field-textarea-2_69e1e84d07d2e\" id=\"forminator-field-textarea-2_69e1e84d07d2e-label\" class=\"forminator-label\">\u00bfCu\u00e1l es la raz\u00f3n que lo llev\u00f3 a considerar entrar como socio contribuyente en Alliyanz Holding?<\/label><textarea name=\"textarea-2\" placeholder=\"\" id=\"forminator-field-textarea-2_69e1e84d07d2e\" class=\"forminator-textarea\" rows=\"6\" style=\"min-height:140px;\" ><\/textarea><\/div><\/div><\/div><div class=\"forminator-row\"><div id=\"checkbox-1\" class=\"forminator-field-checkbox forminator-col forminator-col-12 \"><div role=\"group\" class=\"forminator-field\" aria-labelledby=\"forminator-checkbox-group-forminator-field-checkbox-1-69e1e84d07d2e-label\"><span id=\"forminator-checkbox-group-forminator-field-checkbox-1-69e1e84d07d2e-label\" class=\"forminator-label\">\u00bfEn qu\u00e9 empresa le gustar\u00eda convertirse en accionista?<\/span><label id=\"forminator-field-checkbox-1-1-69e1e84d07d2e-label\" for=\"forminator-field-checkbox-1-1-69e1e84d07d2e\" class=\"forminator-checkbox\" title=\"Comercio Alliyanz\"><input type=\"checkbox\" name=\"checkbox-1[]\" value=\"one\" id=\"forminator-field-checkbox-1-1-69e1e84d07d2e\" aria-labelledby=\"forminator-field-checkbox-1-1-69e1e84d07d2e-label\" data-calculation=\"0\"   data-hidden-behavior=\"zero\"\/><span class=\"forminator-checkbox-box\" aria-hidden=\"true\"><\/span><span class=\"forminator-checkbox-label\">Comercio Alliyanz<\/span><\/label><label id=\"forminator-field-checkbox-1-2-69e1e84d07d2e-label\" for=\"forminator-field-checkbox-1-2-69e1e84d07d2e\" class=\"forminator-checkbox\" title=\"Alliyanz Construcci\u00f3n\"><input type=\"checkbox\" name=\"checkbox-1[]\" value=\"two\" id=\"forminator-field-checkbox-1-2-69e1e84d07d2e\" aria-labelledby=\"forminator-field-checkbox-1-2-69e1e84d07d2e-label\" data-calculation=\"0\"   data-hidden-behavior=\"zero\"\/><span class=\"forminator-checkbox-box\" aria-hidden=\"true\"><\/span><span class=\"forminator-checkbox-label\">Alliyanz Construcci\u00f3n<\/span><\/label><label id=\"forminator-field-checkbox-1-3-69e1e84d07d2e-label\" for=\"forminator-field-checkbox-1-3-69e1e84d07d2e\" class=\"forminator-checkbox\" title=\"Alliyanz Vivienda\"><input type=\"checkbox\" name=\"checkbox-1[]\" value=\"Alliyanz-Housing\" id=\"forminator-field-checkbox-1-3-69e1e84d07d2e\" aria-labelledby=\"forminator-field-checkbox-1-3-69e1e84d07d2e-label\" data-calculation=\"0\"   data-hidden-behavior=\"zero\"\/><span class=\"forminator-checkbox-box\" aria-hidden=\"true\"><\/span><span class=\"forminator-checkbox-label\">Alliyanz Vivienda<\/span><\/label><label id=\"forminator-field-checkbox-1-4-69e1e84d07d2e-label\" for=\"forminator-field-checkbox-1-4-69e1e84d07d2e\" class=\"forminator-checkbox\" title=\"Inversi\u00f3n deportiva Alliyanz\"><input type=\"checkbox\" name=\"checkbox-1[]\" value=\"Alliyanz-Sports-Investment\" id=\"forminator-field-checkbox-1-4-69e1e84d07d2e\" aria-labelledby=\"forminator-field-checkbox-1-4-69e1e84d07d2e-label\" data-calculation=\"0\"   data-hidden-behavior=\"zero\"\/><span class=\"forminator-checkbox-box\" aria-hidden=\"true\"><\/span><span class=\"forminator-checkbox-label\">Inversi\u00f3n deportiva Alliyanz<\/span><\/label><label id=\"forminator-field-checkbox-1-5-69e1e84d07d2e-label\" for=\"forminator-field-checkbox-1-5-69e1e84d07d2e\" class=\"forminator-checkbox\" title=\"Tecnolog\u00eda Alliyanz\"><input type=\"checkbox\" name=\"checkbox-1[]\" value=\"Alliyanz-Technology\" id=\"forminator-field-checkbox-1-5-69e1e84d07d2e\" aria-labelledby=\"forminator-field-checkbox-1-5-69e1e84d07d2e-label\" data-calculation=\"0\"   data-hidden-behavior=\"zero\"\/><span class=\"forminator-checkbox-box\" aria-hidden=\"true\"><\/span><span class=\"forminator-checkbox-label\">Tecnolog\u00eda Alliyanz<\/span><\/label><label id=\"forminator-field-checkbox-1-6-69e1e84d07d2e-label\" for=\"forminator-field-checkbox-1-6-69e1e84d07d2e\" class=\"forminator-checkbox\" title=\"Dise\u00f1o Alliyanz\"><input type=\"checkbox\" name=\"checkbox-1[]\" value=\"Alliyanz-Design\" id=\"forminator-field-checkbox-1-6-69e1e84d07d2e\" aria-labelledby=\"forminator-field-checkbox-1-6-69e1e84d07d2e-label\" data-calculation=\"0\"   data-hidden-behavior=\"zero\"\/><span class=\"forminator-checkbox-box\" aria-hidden=\"true\"><\/span><span class=\"forminator-checkbox-label\">Dise\u00f1o Alliyanz<\/span><\/label><label id=\"forminator-field-checkbox-1-7-69e1e84d07d2e-label\" for=\"forminator-field-checkbox-1-7-69e1e84d07d2e\" class=\"forminator-checkbox\" title=\"Viajes Alliyanz\"><input type=\"checkbox\" name=\"checkbox-1[]\" value=\"Alliyanz-Tours\" id=\"forminator-field-checkbox-1-7-69e1e84d07d2e\" aria-labelledby=\"forminator-field-checkbox-1-7-69e1e84d07d2e-label\" data-calculation=\"0\"   data-hidden-behavior=\"zero\"\/><span class=\"forminator-checkbox-box\" aria-hidden=\"true\"><\/span><span class=\"forminator-checkbox-label\">Viajes Alliyanz<\/span><\/label><label id=\"forminator-field-checkbox-1-8-69e1e84d07d2e-label\" for=\"forminator-field-checkbox-1-8-69e1e84d07d2e\" class=\"forminator-checkbox\" title=\"Medico Alliyanz\"><input type=\"checkbox\" name=\"checkbox-1[]\" value=\"Alliyanz-Medical\" id=\"forminator-field-checkbox-1-8-69e1e84d07d2e\" aria-labelledby=\"forminator-field-checkbox-1-8-69e1e84d07d2e-label\" data-calculation=\"0\"   data-hidden-behavior=\"zero\"\/><span class=\"forminator-checkbox-box\" aria-hidden=\"true\"><\/span><span class=\"forminator-checkbox-label\">Medico Alliyanz<\/span><\/label><label id=\"forminator-field-checkbox-1-9-69e1e84d07d2e-label\" for=\"forminator-field-checkbox-1-9-69e1e84d07d2e\" class=\"forminator-checkbox\" title=\"Alliyanz Energ\u00eda\"><input type=\"checkbox\" name=\"checkbox-1[]\" value=\"Alliyanz-Energy\" id=\"forminator-field-checkbox-1-9-69e1e84d07d2e\" aria-labelledby=\"forminator-field-checkbox-1-9-69e1e84d07d2e-label\" data-calculation=\"0\"   data-hidden-behavior=\"zero\"\/><span class=\"forminator-checkbox-box\" aria-hidden=\"true\"><\/span><span class=\"forminator-checkbox-label\">Alliyanz Energ\u00eda<\/span><\/label><label id=\"forminator-field-checkbox-1-10-69e1e84d07d2e-label\" for=\"forminator-field-checkbox-1-10-69e1e84d07d2e\" class=\"forminator-checkbox\" title=\"Alliyanz Caridad\"><input type=\"checkbox\" name=\"checkbox-1[]\" value=\"Alliyanz-Charity\" id=\"forminator-field-checkbox-1-10-69e1e84d07d2e\" aria-labelledby=\"forminator-field-checkbox-1-10-69e1e84d07d2e-label\" data-calculation=\"0\"   data-hidden-behavior=\"zero\"\/><span class=\"forminator-checkbox-box\" aria-hidden=\"true\"><\/span><span class=\"forminator-checkbox-label\">Alliyanz Caridad<\/span><\/label><label id=\"forminator-field-checkbox-1-11-69e1e84d07d2e-label\" for=\"forminator-field-checkbox-1-11-69e1e84d07d2e\" class=\"forminator-checkbox\" title=\"Alliyanz Aire\"><input type=\"checkbox\" name=\"checkbox-1[]\" value=\"Alliyanz-Air\" id=\"forminator-field-checkbox-1-11-69e1e84d07d2e\" aria-labelledby=\"forminator-field-checkbox-1-11-69e1e84d07d2e-label\" data-calculation=\"0\"   data-hidden-behavior=\"zero\"\/><span class=\"forminator-checkbox-box\" aria-hidden=\"true\"><\/span><span class=\"forminator-checkbox-label\">Alliyanz Aire<\/span><\/label><\/div><\/div><\/div><input type=\"hidden\" name=\"referer_url\" value=\"\" \/><div class=\"forminator-row forminator-row-last\"><div class=\"forminator-col\"><div class=\"forminator-field\"><button class=\"forminator-button forminator-button-submit\"><span>Enviar la solicitud<\/span><span aria-hidden=\"true\"><\/span><\/button><\/div><\/div><\/div><input type=\"hidden\" id=\"forminator_nonce\" name=\"forminator_nonce\" value=\"a829f7cae0\" \/><input type=\"hidden\" name=\"_wp_http_referer\" value=\"\/es\/wp-json\/wp\/v2\/pages\/8608\" \/><input type=\"hidden\" name=\"form_id\" value=\"8736\"><input type=\"hidden\" name=\"page_id\" value=\"8608\"><input type=\"hidden\" name=\"form_type\" value=\"default\"><input type=\"hidden\" name=\"current_url\" value=\"https:\/\/icom-digital.net\/es\/un-socio-colaborador-en-los-empresarios-y-mujeres\/\"><input type=\"hidden\" name=\"render_id\" value=\"0\"><input type=\"hidden\" name=\"action\" value=\"forminator_submit_form_custom-forms\"><\/form><\/div>\n\t\t\t\t\t\t<\/div>\n\t\t\t\t<\/div>\n\t\t\t\t\t<\/div>\n\t\t<\/div>\n\t\t\t\t\t<\/div>\n\t\t<\/section>\n\t\t\t\t<\/div>\n\t\t","protected":false},"excerpt":{"rendered":"<p>Solicite convertirse en socio accionista de Alliyanz Holding para hombres y mujeres de negocios Alliyanz Holding permite a empresas, instituciones, casas comerciales y empresarios, tanto hombres como mujeres, adquirir acciones en la empresa en diversas actividades, servicios y subsidiarias. Esto se realiza con el objetivo de aumentar el capital operativo y desarrollar la direcci\u00f3n de expansi\u00f3n de la empresa en todos los sectores y servicios en m\u00faltiples pa\u00edses del mundo.<\/p>\n","protected":false},"author":1,"featured_media":0,"parent":0,"menu_order":0,"comment_status":"closed","ping_status":"closed","template":"","meta":{"footnotes":""},"class_list":["post-8608","page","type-page","status-publish","hentry"],"_links":{"self":[{"href":"https:\/\/icom-digital.net\/es\/wp-json\/wp\/v2\/pages\/8608","targetHints":{"allow":["GET"]}}],"collection":[{"href":"https:\/\/icom-digital.net\/es\/wp-json\/wp\/v2\/pages"}],"about":[{"href":"https:\/\/icom-digital.net\/es\/wp-json\/wp\/v2\/types\/page"}],"author":[{"embeddable":true,"href":"https:\/\/icom-digital.net\/es\/wp-json\/wp\/v2\/users\/1"}],"replies":[{"embeddable":true,"href":"https:\/\/icom-digital.net\/es\/wp-json\/wp\/v2\/comments?post=8608"}],"version-history":[{"count":7,"href":"https:\/\/icom-digital.net\/es\/wp-json\/wp\/v2\/pages\/8608\/revisions"}],"predecessor-version":[{"id":8753,"href":"https:\/\/icom-digital.net\/es\/wp-json\/wp\/v2\/pages\/8608\/revisions\/8753"}],"wp:attachment":[{"href":"https:\/\/icom-digital.net\/es\/wp-json\/wp\/v2\/media?parent=8608"}],"curies":[{"name":"wp","href":"https:\/\/api.w.org\/{rel}","templated":true}]}}