{"id":7862,"date":"2024-03-01T11:48:37","date_gmt":"2024-03-01T11:48:37","guid":{"rendered":"https:\/\/icom-digital.net\/be-a-contributor\/"},"modified":"2024-04-28T10:28:56","modified_gmt":"2024-04-28T10:28:56","slug":"seien-sie-ein-mitwirkender","status":"publish","type":"page","link":"https:\/\/icom-digital.net\/de\/seien-sie-ein-mitwirkender\/","title":{"rendered":"Seien Sie ein Mitwirkender"},"content":{"rendered":"\t\t<div data-elementor-type=\"wp-page\" data-elementor-id=\"7862\" class=\"elementor elementor-7862\" data-elementor-settings=\"{&quot;ha_cmc_init_switcher&quot;:&quot;no&quot;}\">\n\t\t\t\t\t\t<section class=\"elementor-section elementor-top-section elementor-element elementor-element-e5f895b elementor-section-height-min-height elementor-section-boxed elementor-section-height-default elementor-section-items-middle wpr-particle-no wpr-jarallax-no wpr-parallax-no wpr-sticky-section-no wpr-equal-height-no\" data-id=\"e5f895b\" data-element_type=\"section\" data-e-type=\"section\" data-settings=\"{&quot;background_background&quot;:&quot;classic&quot;,&quot;_ha_eqh_enable&quot;:false}\">\n\t\t\t\t\t\t\t<div class=\"elementor-background-overlay\"><\/div>\n\t\t\t\t\t\t\t<div class=\"elementor-container elementor-column-gap-default\">\n\t\t\t\t\t<div class=\"elementor-column elementor-col-100 elementor-top-column elementor-element elementor-element-591c198\" data-id=\"591c198\" data-element_type=\"column\" data-e-type=\"column\">\n\t\t\t<div class=\"elementor-widget-wrap elementor-element-populated\">\n\t\t\t\t\t\t<div class=\"elementor-element elementor-element-50dd25d elementor-widget elementor-widget-heading\" data-id=\"50dd25d\" data-element_type=\"widget\" data-e-type=\"widget\" data-widget_type=\"heading.default\">\n\t\t\t\t<div class=\"elementor-widget-container\">\n\t\t\t\t\t<h2 class=\"elementor-heading-title elementor-size-default\">Bewerben Sie sich als Aktion\u00e4rspartner der Alliyanz Holding f\u00fcr Unternehmen und Institutionen<\/h2>\t\t\t\t<\/div>\n\t\t\t\t<\/div>\n\t\t\t\t<div class=\"elementor-element elementor-element-d36615b elementor-widget-divider--view-line elementor-widget elementor-widget-divider\" data-id=\"d36615b\" data-element_type=\"widget\" data-e-type=\"widget\" data-widget_type=\"divider.default\">\n\t\t\t\t<div class=\"elementor-widget-container\">\n\t\t\t\t\t\t\t<div class=\"elementor-divider\">\n\t\t\t<span class=\"elementor-divider-separator\">\n\t\t\t\t\t\t<\/span>\n\t\t<\/div>\n\t\t\t\t\t\t<\/div>\n\t\t\t\t<\/div>\n\t\t\t\t\t<\/div>\n\t\t<\/div>\n\t\t\t\t\t<\/div>\n\t\t<\/section>\n\t\t\t\t<section class=\"elementor-section elementor-top-section elementor-element elementor-element-5154911 elementor-section-boxed elementor-section-height-default elementor-section-height-default wpr-particle-no wpr-jarallax-no wpr-parallax-no wpr-sticky-section-no wpr-equal-height-no\" data-id=\"5154911\" data-element_type=\"section\" data-e-type=\"section\" data-settings=\"{&quot;_ha_eqh_enable&quot;:false}\">\n\t\t\t\t\t\t<div class=\"elementor-container elementor-column-gap-default\">\n\t\t\t\t\t<div class=\"elementor-column elementor-col-100 elementor-top-column elementor-element elementor-element-6c35d52\" data-id=\"6c35d52\" data-element_type=\"column\" data-e-type=\"column\">\n\t\t\t<div class=\"elementor-widget-wrap elementor-element-populated\">\n\t\t\t\t\t\t<div class=\"elementor-element elementor-element-ead8243 elementor-widget elementor-widget-text-editor\" data-id=\"ead8243\" data-element_type=\"widget\" data-e-type=\"widget\" data-widget_type=\"text-editor.default\">\n\t\t\t\t<div class=\"elementor-widget-container\">\n\t\t\t\t\t\t\t\t\t<p>Alliyanz Holding richtet sich an diejenigen, die Anteile an der Gesellschaft in ihren verschiedenen Aktivit\u00e4ten, Dienstleistungen und Unternehmen erwerben m\u00f6chten, um das Betriebskapital zu erh\u00f6hen und die Ausrichtung des Unternehmens zu entwickeln, um in allen Bereichen und Dienstleistungen seiner Unternehmen in vielen L\u00e4ndern der Welt zu expandieren. Bewerben Sie sich f\u00fcr einen Aktion\u00e4<\/p>\t\t\t\t\t\t\t\t<\/div>\n\t\t\t\t<\/div>\n\t\t\t\t\t<\/div>\n\t\t<\/div>\n\t\t\t\t\t<\/div>\n\t\t<\/section>\n\t\t\t\t<section class=\"elementor-section elementor-top-section elementor-element elementor-element-fc3d5f2 elementor-section-boxed elementor-section-height-default elementor-section-height-default wpr-particle-no wpr-jarallax-no wpr-parallax-no wpr-sticky-section-no wpr-equal-height-no\" data-id=\"fc3d5f2\" data-element_type=\"section\" data-e-type=\"section\" data-settings=\"{&quot;_ha_eqh_enable&quot;:false}\">\n\t\t\t\t\t\t<div class=\"elementor-container elementor-column-gap-default\">\n\t\t\t\t\t<div class=\"elementor-column elementor-col-100 elementor-top-column elementor-element elementor-element-1a7f091\" data-id=\"1a7f091\" data-element_type=\"column\" data-e-type=\"column\">\n\t\t\t<div class=\"elementor-widget-wrap elementor-element-populated\">\n\t\t\t\t\t\t<div class=\"elementor-element elementor-element-e79045a elementor-widget elementor-widget-shortcode\" data-id=\"e79045a\" data-element_type=\"widget\" data-e-type=\"widget\" data-widget_type=\"shortcode.default\">\n\t\t\t\t<div class=\"elementor-widget-container\">\n\t\t\t\t\t\t\t<div class=\"elementor-shortcode\"><div class=\"forminator-ui forminator-custom-form forminator-custom-form-7859 forminator-design--material  forminator_ajax\" data-forminator-render=\"0\" data-form=\"forminator-module-7859\" data-uid=\"69e1e7d00be09\"><br\/><\/div><form\n\t\t\t\tid=\"forminator-module-7859\"\n\t\t\t\tclass=\"forminator-ui forminator-custom-form forminator-custom-form-7859 forminator-design--material  forminator_ajax\"\n\t\t\t\tmethod=\"post\"\n\t\t\t\tdata-forminator-render=\"0\"\n\t\t\t\tdata-form-id=\"7859\"\n\t\t\t\t data-color-option=\"default\" data-design=\"material\" data-grid=\"open\" style=\"display: none;\"\n\t\t\t\tdata-uid=\"69e1e7d00be09\"\n\t\t\t><div role=\"alert\" aria-live=\"polite\" class=\"forminator-response-message forminator-error\" aria-hidden=\"true\"><\/div><div class=\"forminator-row\"><div id=\"name-1\" class=\"forminator-field-name forminator-col forminator-col-6 \"><div class=\"forminator-field\"><label for=\"forminator-field-name-1_69e1e7d00be09\" id=\"forminator-field-name-1_69e1e7d00be09-label\" class=\"forminator-label\">Firmennamen <span class=\"forminator-required\">*<\/span><\/label><input type=\"text\" name=\"name-1\" value=\"\" placeholder=\"\" id=\"forminator-field-name-1_69e1e7d00be09\" class=\"forminator-input forminator-name--field\" aria-required=\"true\" autocomplete=\"name\" \/><\/div><\/div><div id=\"phone-2\" class=\"forminator-field-phone forminator-col forminator-col-6 \"><div class=\"forminator-field\"><label for=\"forminator-field-phone-2_69e1e7d00be09\" id=\"forminator-field-phone-2_69e1e7d00be09-label\" class=\"forminator-label\">Handy nummer der kontakt person <span class=\"forminator-required\">*<\/span><\/label><input type=\"text\" name=\"phone-2\" value=\"\" placeholder=\"\" id=\"forminator-field-phone-2_69e1e7d00be09\" class=\"forminator-input forminator-field--phone\" data-required=\"1\" aria-required=\"true\" autocomplete=\"off\" \/><\/div><\/div><\/div><div class=\"forminator-row\"><div id=\"phone-1\" class=\"forminator-field-phone forminator-col forminator-col-6 \"><div class=\"forminator-field\"><label for=\"forminator-field-phone-1_69e1e7d00be09\" id=\"forminator-field-phone-1_69e1e7d00be09-label\" class=\"forminator-label\">Telefonnummer des unternehmens <span class=\"forminator-required\">*<\/span><\/label><input type=\"text\" name=\"phone-1\" value=\"\" placeholder=\"\" id=\"forminator-field-phone-1_69e1e7d00be09\" class=\"forminator-input forminator-field--phone\" data-required=\"1\" aria-required=\"true\" autocomplete=\"off\" \/><\/div><\/div><div id=\"email-1\" class=\"forminator-field-email forminator-col forminator-col-6 \"><div class=\"forminator-field\"><label for=\"forminator-field-email-1_69e1e7d00be09\" id=\"forminator-field-email-1_69e1e7d00be09-label\" class=\"forminator-label\">E_ Meil _Adresse<\/label><input type=\"email\" name=\"email-1\" value=\"\" placeholder=\"\" id=\"forminator-field-email-1_69e1e7d00be09\" class=\"forminator-input forminator-email--field\" data-required=\"\" aria-required=\"false\" autocomplete=\"email\" \/><\/div><\/div><\/div><div class=\"forminator-row\"><div id=\"url-1\" class=\"forminator-field-url forminator-col forminator-col-12 \"><div class=\"forminator-field\"><label for=\"forminator-field-url-1_69e1e7d00be09\" id=\"forminator-field-url-1_69e1e7d00be09-label\" class=\"forminator-label\">Unternehmen website <span class=\"forminator-required\">*<\/span><\/label><input type=\"url\" name=\"url-1\" value=\"\" placeholder=\"\" id=\"forminator-field-url-1_69e1e7d00be09\" class=\"forminator-input forminator-website--field\" data-required=\"1\" aria-required=\"true\" \/><\/div><\/div><\/div><div class=\"forminator-row\"><div id=\"name-2\" class=\"forminator-field-name forminator-col forminator-col-6 \"><div class=\"forminator-field\"><label for=\"forminator-field-name-2_69e1e7d00be09\" id=\"forminator-field-name-2_69e1e7d00be09-label\" class=\"forminator-label\">Land <span class=\"forminator-required\">*<\/span><\/label><input type=\"text\" name=\"name-2\" value=\"\" placeholder=\"\" id=\"forminator-field-name-2_69e1e7d00be09\" class=\"forminator-input forminator-name--field\" aria-required=\"true\" autocomplete=\"name\" \/><\/div><\/div><div id=\"name-3\" class=\"forminator-field-name forminator-col forminator-col-6 \"><div class=\"forminator-field\"><label for=\"forminator-field-name-3_69e1e7d00be09\" id=\"forminator-field-name-3_69e1e7d00be09-label\" class=\"forminator-label\">Stadt <span class=\"forminator-required\">*<\/span><\/label><input type=\"text\" name=\"name-3\" value=\"\" placeholder=\"\" id=\"forminator-field-name-3_69e1e7d00be09\" class=\"forminator-input forminator-name--field\" aria-required=\"true\" autocomplete=\"name\" \/><\/div><\/div><\/div><div class=\"forminator-row\"><div id=\"textarea-1\" class=\"forminator-field-textarea forminator-col forminator-col-12 \"><div class=\"forminator-field\"><label for=\"forminator-field-textarea-1_69e1e7d00be09\" id=\"forminator-field-textarea-1_69e1e7d00be09-label\" class=\"forminator-label\">Die art der t\u00e4tigkeit des unternehmen <span class=\"forminator-required\">*<\/span><\/label><textarea name=\"textarea-1\" placeholder=\"\" id=\"forminator-field-textarea-1_69e1e7d00be09\" class=\"forminator-textarea\" rows=\"6\" style=\"min-height:140px;\" ><\/textarea><span id=\"forminator-field-textarea-1_69e1e7d00be09-description\" class=\"forminator-description\"><span data-limit=\"500\" data-type=\"words\" data-editor=\"\">0 \/ 500<\/span><\/span><\/div><\/div><\/div><div class=\"forminator-row\"><div id=\"text-1\" class=\"forminator-field-text forminator-col forminator-col-12 \"><div class=\"forminator-field\"><label for=\"forminator-field-text-1_69e1e7d00be09\" id=\"forminator-field-text-1_69e1e7d00be09-label\" class=\"forminator-label\">Das kapital , das in eines unserer unternehmen investieren m\u00f6chten ($) <span class=\"forminator-required\">*<\/span><\/label><input type=\"text\" name=\"text-1\" value=\"\" placeholder=\"\" id=\"forminator-field-text-1_69e1e7d00be09\" class=\"forminator-input forminator-name--field\" data-required=\"1\" \/><\/div><\/div><\/div><div class=\"forminator-row\"><div id=\"group-1\" class=\"forminator-field-group forminator-col forminator-col-12 \"><label class=\"forminator-label forminator-repeater-label\">Nieder lassungen des unternehmen , falls vorhandeb<\/label><div class=\"forminator-all-group-copies forminator-repeater-field\"><div class=\"forminator-grouped-fields\" data-options=\"{&quot;is_repeater&quot;:true,&quot;min_type&quot;:&quot;custom&quot;,&quot;max_type&quot;:&quot;custom&quot;,&quot;min&quot;:1,&quot;max&quot;:9223372036854775807,&quot;add_text&quot;:&quot;Element hinzuf\\u00fcgen&quot;,&quot;remove_text&quot;:&quot;Element entfernen&quot;,&quot;action_element_type&quot;:&quot;button&quot;}\"><div class=\"forminator-row\"><div id=\"name-4\" class=\"forminator-field-name forminator-col forminator-col-6 \"><div class=\"forminator-field\"><label for=\"forminator-field-name-4_69e1e7d00be09\" id=\"forminator-field-name-4_69e1e7d00be09-label\" class=\"forminator-label\">1\/stadt<\/label><input type=\"text\" name=\"name-4\" value=\"\" placeholder=\"\" id=\"forminator-field-name-4_69e1e7d00be09\" class=\"forminator-input forminator-name--field\" aria-required=\"false\" autocomplete=\"name\" \/><\/div><\/div><div id=\"name-5\" class=\"forminator-field-name forminator-col forminator-col-6 \"><div class=\"forminator-field\"><label for=\"forminator-field-name-5_69e1e7d00be09\" id=\"forminator-field-name-5_69e1e7d00be09-label\" class=\"forminator-label\">2\/stadt<\/label><input type=\"text\" name=\"name-5\" value=\"\" placeholder=\"\" id=\"forminator-field-name-5_69e1e7d00be09\" class=\"forminator-input forminator-name--field\" aria-required=\"false\" autocomplete=\"name\" \/><\/div><\/div><\/div><div class=\"forminator-row\"><div id=\"radio-1\" class=\"forminator-field-radio forminator-col forminator-col-12 \"><div role=\"radiogroup\" class=\"forminator-field\" aria-labelledby=\"forminator-radiogroup-radio-1-69e1e7d00be09-label\"><span id=\"forminator-radiogroup-radio-1-69e1e7d00be09-label\" class=\"forminator-label\">Nieder lassungen des unternehmen , falls vorhandeb ?<\/span><label id=\"forminator-field-radio-1-label-1\" for=\"forminator-field-radio-1-1-69e1e7d00be09\" class=\"forminator-radio\" title=\"Nein , wir haben keine anderen arbeits felder\"><input type=\"radio\" name=\"radio-1\" value=\"one\" id=\"forminator-field-radio-1-1-69e1e7d00be09\" aria-labelledby=\"forminator-field-radio-1-label-1\" data-calculation=\"0\"   data-hidden-behavior=\"zero\"\/><span class=\"forminator-radio-bullet\" aria-hidden=\"true\"><\/span><span class=\"forminator-radio-label\">Nein , wir haben keine anderen arbeits felder<\/span><\/label><label id=\"forminator-field-radio-1-label-2\" for=\"forminator-field-radio-1-2-69e1e7d00be09\" class=\"forminator-radio\" title=\"Ja , wir haben  keine anderen  arbeits felder\"><input type=\"radio\" name=\"radio-1\" value=\"two\" id=\"forminator-field-radio-1-2-69e1e7d00be09\" aria-labelledby=\"forminator-field-radio-1-label-2\" data-calculation=\"0\"   data-hidden-behavior=\"zero\"\/><span class=\"forminator-radio-bullet\" aria-hidden=\"true\"><\/span><span class=\"forminator-radio-label\">Ja , wir haben  keine anderen  arbeits felder<\/span><\/label><\/div><\/div><\/div><div class=\"forminator-row\"><div id=\"text-2\" class=\"forminator-field-text forminator-col forminator-col-12 \"><div class=\"forminator-field\"><input type=\"text\" name=\"text-2\" value=\"1.\" placeholder=\"\" id=\"forminator-field-text-2_69e1e7d00be09\" class=\"forminator-input forminator-name--field\" data-required=\"\" \/><\/div><\/div><\/div><div class=\"forminator-row\"><div id=\"text-3\" class=\"forminator-field-text forminator-col forminator-col-12 \"><div class=\"forminator-field\"><input type=\"text\" name=\"text-3\" value=\"2.\" placeholder=\"\" id=\"forminator-field-text-3_69e1e7d00be09\" class=\"forminator-input forminator-name--field\" data-required=\"\" \/><\/div><\/div><\/div><div class=\"forminator-row\"><div id=\"text-4\" class=\"forminator-field-text forminator-col forminator-col-12 \"><div class=\"forminator-field\"><input type=\"text\" name=\"text-4\" value=\"3.\" placeholder=\"\" id=\"forminator-field-text-4_69e1e7d00be09\" class=\"forminator-input forminator-name--field\" data-required=\"\" \/><\/div><\/div><\/div><div class=\"forminator-row forminator-action-buttons\"><div class=\"forminator-col forminator-col-12\"><input type=\"button\" value=\"Element hinzuf\u00fcgen\" class=\"forminator-repeater-action-button forminator-repeater-add\" \/><input type=\"button\" value=\"Element entfernen\" class=\"forminator-repeater-action-button forminator-repeater-remove\" \/><\/div><\/div><\/div><\/div><\/div><\/div><div class=\"forminator-row\"><div id=\"textarea-2\" class=\"forminator-field-textarea forminator-col forminator-col-12 \"><div class=\"forminator-field\"><label for=\"forminator-field-textarea-2_69e1e7d00be09\" id=\"forminator-field-textarea-2_69e1e7d00be09-label\" class=\"forminator-label\">Warum sollten sie in Betracht ziehen als beitragender partner in Alliyanz halting<\/label><textarea name=\"textarea-2\" placeholder=\"\" id=\"forminator-field-textarea-2_69e1e7d00be09\" class=\"forminator-textarea\" rows=\"6\" style=\"min-height:140px;\" ><\/textarea><\/div><\/div><\/div><div class=\"forminator-row\"><div id=\"checkbox-1\" class=\"forminator-field-checkbox forminator-col forminator-col-12 \"><div role=\"group\" class=\"forminator-field\" aria-labelledby=\"forminator-checkbox-group-forminator-field-checkbox-1-69e1e7d00be09-label\"><span id=\"forminator-checkbox-group-forminator-field-checkbox-1-69e1e7d00be09-label\" class=\"forminator-label\">welches unternehmen m\u00f6chten sie als gesellschaft er ein steigen ? \u061f<\/span><label id=\"forminator-field-checkbox-1-1-69e1e7d00be09-label\" for=\"forminator-field-checkbox-1-1-69e1e7d00be09\" class=\"forminator-checkbox\" title=\"Alliyanz Trading\"><input type=\"checkbox\" name=\"checkbox-1[]\" value=\"one\" id=\"forminator-field-checkbox-1-1-69e1e7d00be09\" aria-labelledby=\"forminator-field-checkbox-1-1-69e1e7d00be09-label\" data-calculation=\"0\"   data-hidden-behavior=\"zero\"\/><span class=\"forminator-checkbox-box\" aria-hidden=\"true\"><\/span><span class=\"forminator-checkbox-label\">Alliyanz Trading<\/span><\/label><label id=\"forminator-field-checkbox-1-2-69e1e7d00be09-label\" for=\"forminator-field-checkbox-1-2-69e1e7d00be09\" class=\"forminator-checkbox\" title=\"Alliyanz Construction\"><input type=\"checkbox\" name=\"checkbox-1[]\" value=\"two\" id=\"forminator-field-checkbox-1-2-69e1e7d00be09\" aria-labelledby=\"forminator-field-checkbox-1-2-69e1e7d00be09-label\" data-calculation=\"0\"   data-hidden-behavior=\"zero\"\/><span class=\"forminator-checkbox-box\" aria-hidden=\"true\"><\/span><span class=\"forminator-checkbox-label\">Alliyanz Construction<\/span><\/label><label id=\"forminator-field-checkbox-1-3-69e1e7d00be09-label\" for=\"forminator-field-checkbox-1-3-69e1e7d00be09\" class=\"forminator-checkbox\" title=\"Alliyanz Housing\"><input type=\"checkbox\" name=\"checkbox-1[]\" value=\"Alliyanz-Housing\" id=\"forminator-field-checkbox-1-3-69e1e7d00be09\" aria-labelledby=\"forminator-field-checkbox-1-3-69e1e7d00be09-label\" data-calculation=\"0\"   data-hidden-behavior=\"zero\"\/><span class=\"forminator-checkbox-box\" aria-hidden=\"true\"><\/span><span class=\"forminator-checkbox-label\">Alliyanz Housing<\/span><\/label><label id=\"forminator-field-checkbox-1-4-69e1e7d00be09-label\" for=\"forminator-field-checkbox-1-4-69e1e7d00be09\" class=\"forminator-checkbox\" title=\"Alliyanz Sports Investment\"><input type=\"checkbox\" name=\"checkbox-1[]\" value=\"Alliyanz-Sports-Investment\" id=\"forminator-field-checkbox-1-4-69e1e7d00be09\" aria-labelledby=\"forminator-field-checkbox-1-4-69e1e7d00be09-label\" data-calculation=\"0\"   data-hidden-behavior=\"zero\"\/><span class=\"forminator-checkbox-box\" aria-hidden=\"true\"><\/span><span class=\"forminator-checkbox-label\">Alliyanz Sports Investment<\/span><\/label><label id=\"forminator-field-checkbox-1-5-69e1e7d00be09-label\" for=\"forminator-field-checkbox-1-5-69e1e7d00be09\" class=\"forminator-checkbox\" title=\"Alliyanz Technologie\"><input type=\"checkbox\" name=\"checkbox-1[]\" value=\"Alliyanz-Technology\" id=\"forminator-field-checkbox-1-5-69e1e7d00be09\" aria-labelledby=\"forminator-field-checkbox-1-5-69e1e7d00be09-label\" data-calculation=\"0\"   data-hidden-behavior=\"zero\"\/><span class=\"forminator-checkbox-box\" aria-hidden=\"true\"><\/span><span class=\"forminator-checkbox-label\">Alliyanz Technologie<\/span><\/label><label id=\"forminator-field-checkbox-1-6-69e1e7d00be09-label\" for=\"forminator-field-checkbox-1-6-69e1e7d00be09\" class=\"forminator-checkbox\" title=\"Alliyanz Design\"><input type=\"checkbox\" name=\"checkbox-1[]\" value=\"Alliyanz-Design\" id=\"forminator-field-checkbox-1-6-69e1e7d00be09\" aria-labelledby=\"forminator-field-checkbox-1-6-69e1e7d00be09-label\" data-calculation=\"0\"   data-hidden-behavior=\"zero\"\/><span class=\"forminator-checkbox-box\" aria-hidden=\"true\"><\/span><span class=\"forminator-checkbox-label\">Alliyanz Design<\/span><\/label><label id=\"forminator-field-checkbox-1-7-69e1e7d00be09-label\" for=\"forminator-field-checkbox-1-7-69e1e7d00be09\" class=\"forminator-checkbox\" title=\"Alliyanz Tour\"><input type=\"checkbox\" name=\"checkbox-1[]\" value=\"Alliyanz-Tours\" id=\"forminator-field-checkbox-1-7-69e1e7d00be09\" aria-labelledby=\"forminator-field-checkbox-1-7-69e1e7d00be09-label\" data-calculation=\"0\"   data-hidden-behavior=\"zero\"\/><span class=\"forminator-checkbox-box\" aria-hidden=\"true\"><\/span><span class=\"forminator-checkbox-label\">Alliyanz Tour<\/span><\/label><label id=\"forminator-field-checkbox-1-8-69e1e7d00be09-label\" for=\"forminator-field-checkbox-1-8-69e1e7d00be09\" class=\"forminator-checkbox\" title=\"Alliyanz Medical\"><input type=\"checkbox\" name=\"checkbox-1[]\" value=\"Alliyanz-Medical\" id=\"forminator-field-checkbox-1-8-69e1e7d00be09\" aria-labelledby=\"forminator-field-checkbox-1-8-69e1e7d00be09-label\" data-calculation=\"0\"   data-hidden-behavior=\"zero\"\/><span class=\"forminator-checkbox-box\" aria-hidden=\"true\"><\/span><span class=\"forminator-checkbox-label\">Alliyanz Medical<\/span><\/label><label id=\"forminator-field-checkbox-1-9-69e1e7d00be09-label\" for=\"forminator-field-checkbox-1-9-69e1e7d00be09\" class=\"forminator-checkbox\" title=\"Alliyanz Essen\"><input type=\"checkbox\" name=\"checkbox-1[]\" value=\"Alliyanz-Energy\" id=\"forminator-field-checkbox-1-9-69e1e7d00be09\" aria-labelledby=\"forminator-field-checkbox-1-9-69e1e7d00be09-label\" data-calculation=\"0\"   data-hidden-behavior=\"zero\"\/><span class=\"forminator-checkbox-box\" aria-hidden=\"true\"><\/span><span class=\"forminator-checkbox-label\">Alliyanz Essen<\/span><\/label><label id=\"forminator-field-checkbox-1-10-69e1e7d00be09-label\" for=\"forminator-field-checkbox-1-10-69e1e7d00be09\" class=\"forminator-checkbox\" title=\"Alliyanz Energy\"><input type=\"checkbox\" name=\"checkbox-1[]\" value=\"Alliyanz-Charity\" id=\"forminator-field-checkbox-1-10-69e1e7d00be09\" aria-labelledby=\"forminator-field-checkbox-1-10-69e1e7d00be09-label\" data-calculation=\"0\"   data-hidden-behavior=\"zero\"\/><span class=\"forminator-checkbox-box\" aria-hidden=\"true\"><\/span><span class=\"forminator-checkbox-label\">Alliyanz Energy<\/span><\/label><label id=\"forminator-field-checkbox-1-11-69e1e7d00be09-label\" for=\"forminator-field-checkbox-1-11-69e1e7d00be09\" class=\"forminator-checkbox\" title=\"Alliyanz Air\"><input type=\"checkbox\" name=\"checkbox-1[]\" value=\"Alliyanz-Air\" id=\"forminator-field-checkbox-1-11-69e1e7d00be09\" aria-labelledby=\"forminator-field-checkbox-1-11-69e1e7d00be09-label\" data-calculation=\"0\"   data-hidden-behavior=\"zero\"\/><span class=\"forminator-checkbox-box\" aria-hidden=\"true\"><\/span><span class=\"forminator-checkbox-label\">Alliyanz Air<\/span><\/label><\/div><\/div><\/div><input type=\"hidden\" name=\"referer_url\" value=\"\" \/><div class=\"forminator-row forminator-row-last\"><div class=\"forminator-col\"><div class=\"forminator-field\"><button class=\"forminator-button forminator-button-submit\"><span>Send the request<\/span><span aria-hidden=\"true\"><\/span><\/button><\/div><\/div><\/div><input type=\"hidden\" id=\"forminator_nonce\" name=\"forminator_nonce\" value=\"106ac216a7\" \/><input type=\"hidden\" name=\"_wp_http_referer\" value=\"\/de\/wp-json\/wp\/v2\/pages\/7862\" \/><input type=\"hidden\" name=\"form_id\" value=\"7859\"><input type=\"hidden\" name=\"page_id\" value=\"7862\"><input type=\"hidden\" name=\"form_type\" value=\"default\"><input type=\"hidden\" name=\"current_url\" value=\"https:\/\/icom-digital.net\/de\/seien-sie-ein-mitwirkender\/\"><input type=\"hidden\" name=\"render_id\" value=\"0\"><input type=\"hidden\" name=\"action\" value=\"forminator_submit_form_custom-forms\"><\/form><\/div>\n\t\t\t\t\t\t<\/div>\n\t\t\t\t<\/div>\n\t\t\t\t\t<\/div>\n\t\t<\/div>\n\t\t\t\t\t<\/div>\n\t\t<\/section>\n\t\t\t\t<\/div>\n\t\t","protected":false},"excerpt":{"rendered":"<p>Bewerben Sie sich als Aktion\u00e4rspartner der Alliyanz Holding f\u00fcr Unternehmen und Institutionen Alliyanz Holding richtet sich an diejenigen, die Anteile an der Gesellschaft in ihren verschiedenen Aktivit\u00e4ten, Dienstleistungen und Unternehmen erwerben m\u00f6chten, um das Betriebskapital zu erh\u00f6hen und die Ausrichtung des Unternehmens zu entwickeln, um in allen Bereichen und Dienstleistungen seiner Unternehmen in vielen L\u00e4ndern der Welt zu expandieren. Bewerben Sie sich f\u00fcr einen Aktion\u00e4<\/p>\n","protected":false},"author":1,"featured_media":0,"parent":0,"menu_order":0,"comment_status":"closed","ping_status":"closed","template":"","meta":{"footnotes":""},"class_list":["post-7862","page","type-page","status-publish","hentry"],"_links":{"self":[{"href":"https:\/\/icom-digital.net\/de\/wp-json\/wp\/v2\/pages\/7862","targetHints":{"allow":["GET"]}}],"collection":[{"href":"https:\/\/icom-digital.net\/de\/wp-json\/wp\/v2\/pages"}],"about":[{"href":"https:\/\/icom-digital.net\/de\/wp-json\/wp\/v2\/types\/page"}],"author":[{"embeddable":true,"href":"https:\/\/icom-digital.net\/de\/wp-json\/wp\/v2\/users\/1"}],"replies":[{"embeddable":true,"href":"https:\/\/icom-digital.net\/de\/wp-json\/wp\/v2\/comments?post=7862"}],"version-history":[{"count":19,"href":"https:\/\/icom-digital.net\/de\/wp-json\/wp\/v2\/pages\/7862\/revisions"}],"predecessor-version":[{"id":10140,"href":"https:\/\/icom-digital.net\/de\/wp-json\/wp\/v2\/pages\/7862\/revisions\/10140"}],"wp:attachment":[{"href":"https:\/\/icom-digital.net\/de\/wp-json\/wp\/v2\/media?parent=7862"}],"curies":[{"name":"wp","href":"https:\/\/api.w.org\/{rel}","templated":true}]}}