{"id":7780,"date":"2024-03-02T07:10:26","date_gmt":"2024-03-02T07:10:26","guid":{"rendered":"https:\/\/icom-digital.net\/food-industry\/"},"modified":"2024-04-28T09:31:38","modified_gmt":"2024-04-28T09:31:38","slug":"lebens-mittelindustrie","status":"publish","type":"page","link":"https:\/\/icom-digital.net\/de\/lebens-mittelindustrie\/","title":{"rendered":"Lebens Mittelindustrie"},"content":{"rendered":"\t\t<div data-elementor-type=\"wp-page\" data-elementor-id=\"7780\" class=\"elementor elementor-7780\" data-elementor-settings=\"{&quot;ha_cmc_init_switcher&quot;:&quot;no&quot;}\">\n\t\t\t\t\t\t<section class=\"elementor-section elementor-top-section elementor-element elementor-element-e790a5e elementor-section-height-min-height elementor-section-boxed elementor-section-height-default elementor-section-items-middle wpr-particle-no wpr-jarallax-no wpr-parallax-no wpr-sticky-section-no wpr-equal-height-no\" data-id=\"e790a5e\" data-element_type=\"section\" data-e-type=\"section\" data-settings=\"{&quot;background_background&quot;:&quot;classic&quot;,&quot;_ha_eqh_enable&quot;:false}\">\n\t\t\t\t\t\t\t<div class=\"elementor-background-overlay\"><\/div>\n\t\t\t\t\t\t\t<div class=\"elementor-container elementor-column-gap-default\">\n\t\t\t\t\t<div class=\"elementor-column elementor-col-100 elementor-top-column elementor-element elementor-element-61510d5\" data-id=\"61510d5\" data-element_type=\"column\" data-e-type=\"column\">\n\t\t\t<div class=\"elementor-widget-wrap elementor-element-populated\">\n\t\t\t\t\t\t<div class=\"elementor-element elementor-element-22cdf54 elementor-widget elementor-widget-heading\" data-id=\"22cdf54\" data-element_type=\"widget\" data-e-type=\"widget\" data-widget_type=\"heading.default\">\n\t\t\t\t<div class=\"elementor-widget-container\">\n\t\t\t\t\t<h2 class=\"elementor-heading-title elementor-size-default\">Lebens Mittelindustrie <\/h2>\t\t\t\t<\/div>\n\t\t\t\t<\/div>\n\t\t\t\t<div class=\"elementor-element elementor-element-a67fb9c elementor-widget-divider--view-line elementor-widget elementor-widget-divider\" data-id=\"a67fb9c\" data-element_type=\"widget\" data-e-type=\"widget\" data-widget_type=\"divider.default\">\n\t\t\t\t<div class=\"elementor-widget-container\">\n\t\t\t\t\t\t\t<div class=\"elementor-divider\">\n\t\t\t<span class=\"elementor-divider-separator\">\n\t\t\t\t\t\t<\/span>\n\t\t<\/div>\n\t\t\t\t\t\t<\/div>\n\t\t\t\t<\/div>\n\t\t\t\t\t<\/div>\n\t\t<\/div>\n\t\t\t\t\t<\/div>\n\t\t<\/section>\n\t\t\t\t<section class=\"elementor-section elementor-top-section elementor-element elementor-element-e4eb560 elementor-section-boxed elementor-section-height-default elementor-section-height-default wpr-particle-no wpr-jarallax-no wpr-parallax-no wpr-sticky-section-no wpr-equal-height-no\" data-id=\"e4eb560\" data-element_type=\"section\" data-e-type=\"section\" data-settings=\"{&quot;_ha_eqh_enable&quot;:false}\">\n\t\t\t\t\t\t<div class=\"elementor-container elementor-column-gap-default\">\n\t\t\t\t\t<div class=\"elementor-column elementor-col-50 elementor-top-column elementor-element elementor-element-00c4394\" data-id=\"00c4394\" data-element_type=\"column\" data-e-type=\"column\">\n\t\t\t<div class=\"elementor-widget-wrap elementor-element-populated\">\n\t\t\t\t\t\t<div class=\"elementor-element elementor-element-70c32d2 elementor-invisible elementor-widget elementor-widget-heading\" data-id=\"70c32d2\" data-element_type=\"widget\" data-e-type=\"widget\" data-settings=\"{&quot;_animation&quot;:&quot;fadeInDown&quot;}\" data-widget_type=\"heading.default\">\n\t\t\t\t<div class=\"elementor-widget-container\">\n\t\t\t\t\t<h3 class=\"elementor-heading-title elementor-size-default\">Lebens Mittelindustrie <\/h3>\t\t\t\t<\/div>\n\t\t\t\t<\/div>\n\t\t\t\t<div class=\"elementor-element elementor-element-244a20a elementor-widget-divider--view-line elementor-invisible elementor-widget elementor-widget-divider\" data-id=\"244a20a\" data-element_type=\"widget\" data-e-type=\"widget\" data-settings=\"{&quot;_animation&quot;:&quot;fadeInDown&quot;}\" data-widget_type=\"divider.default\">\n\t\t\t\t<div class=\"elementor-widget-container\">\n\t\t\t\t\t\t\t<div class=\"elementor-divider\">\n\t\t\t<span class=\"elementor-divider-separator\">\n\t\t\t\t\t\t<\/span>\n\t\t<\/div>\n\t\t\t\t\t\t<\/div>\n\t\t\t\t<\/div>\n\t\t\t\t<div class=\"elementor-element elementor-element-76a5ec4 elementor-invisible elementor-widget elementor-widget-text-editor\" data-id=\"76a5ec4\" data-element_type=\"widget\" data-e-type=\"widget\" data-settings=\"{&quot;_animation&quot;:&quot;fadeInUp&quot;}\" data-widget_type=\"text-editor.default\">\n\t\t\t\t<div class=\"elementor-widget-container\">\n\t\t\t\t\t\t\t\t\t<p>Der Bedarf an Nahrungsmitteln w\u00e4chst in der Welt mit etwa zwei Milliarden Muslimen, die \u00fcber L\u00e4nder und Kontinente verteilt sindVor Ort ist die Nachfrage nach Halal-Lebensmitteln nicht mehr nur auf Muslime beschr\u00e4nkt. sondern sie anderen aufzuz\u00e4hl in den letzten Jahre<br \/>Halal-Lebensmittel sind bei muslimischen und nicht-muslimischen Verbrauchern gleicherma\u00dfen beliebt geworden.Es hat sich von einem definierenden Merkmal f\u00fcr religi\u00f6se \u00dcberwachung zu einer Gew\u00e4hrleistung von Lebensmittelsicherheit, Hygiene und Zuverl\u00e4ssigkeit entwickelt<br \/>Wo wir bei Alliyanz Essen an der Herstellung von Halal-Fleischprodukten arbeitenVon Rind, Lamm und Huhn mit hochwertigen Produkten, die jeden Geschmack befriedigen<\/p>\t\t\t\t\t\t\t\t<\/div>\n\t\t\t\t<\/div>\n\t\t\t\t\t<\/div>\n\t\t<\/div>\n\t\t\t\t<div class=\"elementor-column elementor-col-50 elementor-top-column elementor-element elementor-element-2d83bef\" data-id=\"2d83bef\" data-element_type=\"column\" data-e-type=\"column\">\n\t\t\t<div class=\"elementor-widget-wrap elementor-element-populated\">\n\t\t\t\t\t\t<div class=\"elementor-element elementor-element-060210b e-transform e-transform elementor-invisible elementor-widget elementor-widget-image\" data-id=\"060210b\" data-element_type=\"widget\" data-e-type=\"widget\" data-settings=\"{&quot;_transform_translateY_effect_hover&quot;:{&quot;unit&quot;:&quot;px&quot;,&quot;size&quot;:-15,&quot;sizes&quot;:[]},&quot;_transform_scale_effect_hover&quot;:{&quot;unit&quot;:&quot;px&quot;,&quot;size&quot;:1.1,&quot;sizes&quot;:[]},&quot;_animation&quot;:&quot;zoomIn&quot;,&quot;_transform_translateX_effect_hover&quot;:{&quot;unit&quot;:&quot;px&quot;,&quot;size&quot;:&quot;&quot;,&quot;sizes&quot;:[]},&quot;_transform_translateX_effect_hover_tablet&quot;:{&quot;unit&quot;:&quot;px&quot;,&quot;size&quot;:&quot;&quot;,&quot;sizes&quot;:[]},&quot;_transform_translateX_effect_hover_mobile&quot;:{&quot;unit&quot;:&quot;px&quot;,&quot;size&quot;:&quot;&quot;,&quot;sizes&quot;:[]},&quot;_transform_translateY_effect_hover_tablet&quot;:{&quot;unit&quot;:&quot;px&quot;,&quot;size&quot;:&quot;&quot;,&quot;sizes&quot;:[]},&quot;_transform_translateY_effect_hover_mobile&quot;:{&quot;unit&quot;:&quot;px&quot;,&quot;size&quot;:&quot;&quot;,&quot;sizes&quot;:[]},&quot;_transform_scale_effect_hover_tablet&quot;:{&quot;unit&quot;:&quot;px&quot;,&quot;size&quot;:&quot;&quot;,&quot;sizes&quot;:[]},&quot;_transform_scale_effect_hover_mobile&quot;:{&quot;unit&quot;:&quot;px&quot;,&quot;size&quot;:&quot;&quot;,&quot;sizes&quot;:[]}}\" data-widget_type=\"image.default\">\n\t\t\t\t<div class=\"elementor-widget-container\">\n\t\t\t\t\t\t\t\t\t\t\t\t\t\t\t<img fetchpriority=\"high\" decoding=\"async\" width=\"563\" height=\"618\" src=\"https:\/\/icom-digital.net\/wp-content\/uploads\/2024\/03\/a25cdfb82537752ac8ff3fbfb8829f65.jpg\" class=\"attachment-large size-large wp-image-3037\" alt=\"\" srcset=\"https:\/\/icom-digital.net\/wp-content\/uploads\/2024\/03\/a25cdfb82537752ac8ff3fbfb8829f65.jpg 563w, https:\/\/icom-digital.net\/wp-content\/uploads\/2024\/03\/a25cdfb82537752ac8ff3fbfb8829f65-273x300.jpg 273w\" sizes=\"(max-width: 563px) 100vw, 563px\" \/>\t\t\t\t\t\t\t\t\t\t\t\t\t\t\t<\/div>\n\t\t\t\t<\/div>\n\t\t\t\t\t<\/div>\n\t\t<\/div>\n\t\t\t\t\t<\/div>\n\t\t<\/section>\n\t\t\t\t<\/div>\n\t\t","protected":false},"excerpt":{"rendered":"<p>Lebens Mittelindustrie Lebens Mittelindustrie Der Bedarf an Nahrungsmitteln w\u00e4chst in der Welt mit etwa zwei Milliarden Muslimen, die \u00fcber L\u00e4nder und Kontinente verteilt sindVor Ort ist die Nachfrage nach Halal-Lebensmitteln nicht mehr nur auf Muslime beschr\u00e4nkt. sondern sie anderen aufzuz\u00e4hl in den letzten JahreHalal-Lebensmittel sind bei muslimischen und nicht-muslimischen Verbrauchern gleicherma\u00dfen beliebt geworden.Es hat sich von einem definierenden Merkmal f\u00fcr religi\u00f6se \u00dcberwachung zu einer Gew\u00e4hrleistung von Lebensmittelsicherheit, Hygiene und Zuverl\u00e4ssigkeit entwickeltWo wir bei Alliyanz Essen an der Herstellung von Halal-Fleischprodukten arbeitenVon Rind, Lamm und Huhn mit hochwertigen Produkten, die jeden Geschmack befriedigen<\/p>\n","protected":false},"author":1,"featured_media":0,"parent":0,"menu_order":0,"comment_status":"closed","ping_status":"closed","template":"","meta":{"footnotes":""},"class_list":["post-7780","page","type-page","status-publish","hentry"],"_links":{"self":[{"href":"https:\/\/icom-digital.net\/de\/wp-json\/wp\/v2\/pages\/7780","targetHints":{"allow":["GET"]}}],"collection":[{"href":"https:\/\/icom-digital.net\/de\/wp-json\/wp\/v2\/pages"}],"about":[{"href":"https:\/\/icom-digital.net\/de\/wp-json\/wp\/v2\/types\/page"}],"author":[{"embeddable":true,"href":"https:\/\/icom-digital.net\/de\/wp-json\/wp\/v2\/users\/1"}],"replies":[{"embeddable":true,"href":"https:\/\/icom-digital.net\/de\/wp-json\/wp\/v2\/comments?post=7780"}],"version-history":[{"count":10,"href":"https:\/\/icom-digital.net\/de\/wp-json\/wp\/v2\/pages\/7780\/revisions"}],"predecessor-version":[{"id":10083,"href":"https:\/\/icom-digital.net\/de\/wp-json\/wp\/v2\/pages\/7780\/revisions\/10083"}],"wp:attachment":[{"href":"https:\/\/icom-digital.net\/de\/wp-json\/wp\/v2\/media?parent=7780"}],"curies":[{"name":"wp","href":"https:\/\/api.w.org\/{rel}","templated":true}]}}