{"id":7759,"date":"2024-03-01T20:05:15","date_gmt":"2024-03-01T20:05:15","guid":{"rendered":"https:\/\/icom-digital.net\/e-commerce\/"},"modified":"2024-04-28T09:24:29","modified_gmt":"2024-04-28T09:24:29","slug":"e-commerce","status":"publish","type":"page","link":"https:\/\/icom-digital.net\/de\/e-commerce\/","title":{"rendered":"E-Commerce"},"content":{"rendered":"\t\t<div data-elementor-type=\"wp-page\" data-elementor-id=\"7759\" class=\"elementor elementor-7759\" data-elementor-settings=\"{&quot;ha_cmc_init_switcher&quot;:&quot;no&quot;}\">\n\t\t\t\t\t\t<section class=\"elementor-section elementor-top-section elementor-element elementor-element-a23c9f3 elementor-section-height-min-height elementor-section-boxed elementor-section-height-default elementor-section-items-middle wpr-particle-no wpr-jarallax-no wpr-parallax-no wpr-sticky-section-no wpr-equal-height-no\" data-id=\"a23c9f3\" data-element_type=\"section\" data-e-type=\"section\" data-settings=\"{&quot;background_background&quot;:&quot;classic&quot;,&quot;_ha_eqh_enable&quot;:false}\">\n\t\t\t\t\t\t\t<div class=\"elementor-background-overlay\"><\/div>\n\t\t\t\t\t\t\t<div class=\"elementor-container elementor-column-gap-default\">\n\t\t\t\t\t<div class=\"elementor-column elementor-col-100 elementor-top-column elementor-element elementor-element-c6e14e4\" data-id=\"c6e14e4\" data-element_type=\"column\" data-e-type=\"column\">\n\t\t\t<div class=\"elementor-widget-wrap elementor-element-populated\">\n\t\t\t\t\t\t<div class=\"elementor-element elementor-element-0098c6c elementor-widget elementor-widget-heading\" data-id=\"0098c6c\" data-element_type=\"widget\" data-e-type=\"widget\" data-widget_type=\"heading.default\">\n\t\t\t\t<div class=\"elementor-widget-container\">\n\t\t\t\t\t<h2 class=\"elementor-heading-title elementor-size-default\">E-Commerce<\/h2>\t\t\t\t<\/div>\n\t\t\t\t<\/div>\n\t\t\t\t<div class=\"elementor-element elementor-element-be5932f elementor-widget-divider--view-line elementor-widget elementor-widget-divider\" data-id=\"be5932f\" data-element_type=\"widget\" data-e-type=\"widget\" data-widget_type=\"divider.default\">\n\t\t\t\t<div class=\"elementor-widget-container\">\n\t\t\t\t\t\t\t<div class=\"elementor-divider\">\n\t\t\t<span class=\"elementor-divider-separator\">\n\t\t\t\t\t\t<\/span>\n\t\t<\/div>\n\t\t\t\t\t\t<\/div>\n\t\t\t\t<\/div>\n\t\t\t\t\t<\/div>\n\t\t<\/div>\n\t\t\t\t\t<\/div>\n\t\t<\/section>\n\t\t\t\t<section class=\"elementor-section elementor-top-section elementor-element elementor-element-e9401b5 elementor-section-boxed elementor-section-height-default elementor-section-height-default wpr-particle-no wpr-jarallax-no wpr-parallax-no wpr-sticky-section-no wpr-equal-height-no\" data-id=\"e9401b5\" data-element_type=\"section\" data-e-type=\"section\" data-settings=\"{&quot;_ha_eqh_enable&quot;:false}\">\n\t\t\t\t\t\t<div class=\"elementor-container elementor-column-gap-default\">\n\t\t\t\t\t<div class=\"elementor-column elementor-col-50 elementor-top-column elementor-element elementor-element-8eccbad\" data-id=\"8eccbad\" data-element_type=\"column\" data-e-type=\"column\">\n\t\t\t<div class=\"elementor-widget-wrap elementor-element-populated\">\n\t\t\t\t\t\t<div class=\"elementor-element elementor-element-ac2fd79 elementor-invisible elementor-widget elementor-widget-heading\" data-id=\"ac2fd79\" data-element_type=\"widget\" data-e-type=\"widget\" data-settings=\"{&quot;_animation&quot;:&quot;fadeInDown&quot;}\" data-widget_type=\"heading.default\">\n\t\t\t\t<div class=\"elementor-widget-container\">\n\t\t\t\t\t<h3 class=\"elementor-heading-title elementor-size-default\">E-Commerce<\/h3>\t\t\t\t<\/div>\n\t\t\t\t<\/div>\n\t\t\t\t<div class=\"elementor-element elementor-element-b1ab832 elementor-widget-divider--view-line elementor-invisible elementor-widget elementor-widget-divider\" data-id=\"b1ab832\" data-element_type=\"widget\" data-e-type=\"widget\" data-settings=\"{&quot;_animation&quot;:&quot;fadeInDown&quot;}\" data-widget_type=\"divider.default\">\n\t\t\t\t<div class=\"elementor-widget-container\">\n\t\t\t\t\t\t\t<div class=\"elementor-divider\">\n\t\t\t<span class=\"elementor-divider-separator\">\n\t\t\t\t\t\t<\/span>\n\t\t<\/div>\n\t\t\t\t\t\t<\/div>\n\t\t\t\t<\/div>\n\t\t\t\t<div class=\"elementor-element elementor-element-9617071 elementor-invisible elementor-widget elementor-widget-text-editor\" data-id=\"9617071\" data-element_type=\"widget\" data-e-type=\"widget\" data-settings=\"{&quot;_animation&quot;:&quot;fadeInUp&quot;}\" data-widget_type=\"text-editor.default\">\n\t\t\t\t<div class=\"elementor-widget-container\">\n\t\t\t\t\t\t\t\t\t<p>Elektronisch Hande moderne Redewendungen welche nahm ein gebende zu unseren t\u00e4glichen Leben gehalten haben<br \/>Es wurde sogar in vielen Lebensaktivit\u00e4ten im Zusammenhang mit der IKT-Revolution verwendet.E-Commerce ist ein Ausdruck, den wir in zwei Silben unterteilen k\u00f6nnen<br \/>Wo der erste der Handel ist<br \/>Dies bezieht sich auf wirtschaftliche Aktivit\u00e4ten, die durch den Verkehr von Waren und Dienstleistungen zwischen Regierungen, Institutionen und Einzelpersonen stattfinden<br \/>Es wird durch mehrere Regeln und Vorschriften geregelt, die als international anerkannt bezeichnet werden k\u00f6nnen.<br \/>Der zweite elektronische Abschnitt bezieht sich auf eine Beschreibung des Bereichs der Handelsleistung.<br \/>Darunter versteht man die Aus\u00fcbung einer gewerblichen T\u00e4tigkeit unter Verwendung elektronischer Medien und Methoden<br \/>Wie das Internet<br \/>Die Alliyanz Holding Gruppe \u00fcbernimmt und besitzt mehrere E-Commerce-Projekte 9In vielen Branchen wie Elektronikgesch\u00e4ften, Anwendungen im Reise- und Tourismussektor und in der AutovermietunUnd Smartphone-Anwendungen in Finanzsystemen, Affiliationen und anderen<\/p>\t\t\t\t\t\t\t\t<\/div>\n\t\t\t\t<\/div>\n\t\t\t\t\t<\/div>\n\t\t<\/div>\n\t\t\t\t<div class=\"elementor-column elementor-col-50 elementor-top-column elementor-element elementor-element-c38f27c\" data-id=\"c38f27c\" data-element_type=\"column\" data-e-type=\"column\">\n\t\t\t<div class=\"elementor-widget-wrap elementor-element-populated\">\n\t\t\t\t\t\t<div class=\"elementor-element elementor-element-e9798b7 e-transform e-transform elementor-invisible elementor-widget elementor-widget-image\" data-id=\"e9798b7\" data-element_type=\"widget\" data-e-type=\"widget\" data-settings=\"{&quot;_transform_translateY_effect_hover&quot;:{&quot;unit&quot;:&quot;px&quot;,&quot;size&quot;:-15,&quot;sizes&quot;:[]},&quot;_transform_scale_effect_hover&quot;:{&quot;unit&quot;:&quot;px&quot;,&quot;size&quot;:1.1,&quot;sizes&quot;:[]},&quot;_animation&quot;:&quot;zoomIn&quot;,&quot;_transform_translateX_effect_hover&quot;:{&quot;unit&quot;:&quot;px&quot;,&quot;size&quot;:&quot;&quot;,&quot;sizes&quot;:[]},&quot;_transform_translateX_effect_hover_tablet&quot;:{&quot;unit&quot;:&quot;px&quot;,&quot;size&quot;:&quot;&quot;,&quot;sizes&quot;:[]},&quot;_transform_translateX_effect_hover_mobile&quot;:{&quot;unit&quot;:&quot;px&quot;,&quot;size&quot;:&quot;&quot;,&quot;sizes&quot;:[]},&quot;_transform_translateY_effect_hover_tablet&quot;:{&quot;unit&quot;:&quot;px&quot;,&quot;size&quot;:&quot;&quot;,&quot;sizes&quot;:[]},&quot;_transform_translateY_effect_hover_mobile&quot;:{&quot;unit&quot;:&quot;px&quot;,&quot;size&quot;:&quot;&quot;,&quot;sizes&quot;:[]},&quot;_transform_scale_effect_hover_tablet&quot;:{&quot;unit&quot;:&quot;px&quot;,&quot;size&quot;:&quot;&quot;,&quot;sizes&quot;:[]},&quot;_transform_scale_effect_hover_mobile&quot;:{&quot;unit&quot;:&quot;px&quot;,&quot;size&quot;:&quot;&quot;,&quot;sizes&quot;:[]}}\" data-widget_type=\"image.default\">\n\t\t\t\t<div class=\"elementor-widget-container\">\n\t\t\t\t\t\t\t\t\t\t\t\t\t\t\t<img fetchpriority=\"high\" decoding=\"async\" width=\"736\" height=\"413\" src=\"https:\/\/icom-digital.net\/wp-content\/uploads\/2024\/03\/21770f343f483b57c230c0a5477b77f5.jpg\" class=\"attachment-large size-large wp-image-2958\" alt=\"\" srcset=\"https:\/\/icom-digital.net\/wp-content\/uploads\/2024\/03\/21770f343f483b57c230c0a5477b77f5.jpg 736w, https:\/\/icom-digital.net\/wp-content\/uploads\/2024\/03\/21770f343f483b57c230c0a5477b77f5-300x168.jpg 300w\" sizes=\"(max-width: 736px) 100vw, 736px\" \/>\t\t\t\t\t\t\t\t\t\t\t\t\t\t\t<\/div>\n\t\t\t\t<\/div>\n\t\t\t\t\t<\/div>\n\t\t<\/div>\n\t\t\t\t\t<\/div>\n\t\t<\/section>\n\t\t\t\t<\/div>\n\t\t","protected":false},"excerpt":{"rendered":"<p>E-Commerce E-Commerce Elektronisch Hande moderne Redewendungen welche nahm ein gebende zu unseren t\u00e4glichen Leben gehalten habenEs wurde sogar in vielen Lebensaktivit\u00e4ten im Zusammenhang mit der IKT-Revolution verwendet.E-Commerce ist ein Ausdruck, den wir in zwei Silben unterteilen k\u00f6nnenWo der erste der Handel istDies bezieht sich auf wirtschaftliche Aktivit\u00e4ten, die durch den Verkehr von Waren und Dienstleistungen zwischen Regierungen, Institutionen und Einzelpersonen stattfindenEs wird durch mehrere Regeln und Vorschriften geregelt, die als international anerkannt bezeichnet werden k\u00f6nnen.Der zweite elektronische Abschnitt bezieht sich auf eine Beschreibung des Bereichs der Handelsleistung.Darunter versteht man die Aus\u00fcbung einer gewerblichen T\u00e4tigkeit unter Verwendung elektronischer Medien und MethodenWie das InternetDie Alliyanz Holding Gruppe \u00fcbernimmt und besitzt mehrere E-Commerce-Projekte 9In vielen Branchen wie Elektronikgesch\u00e4ften, Anwendungen im Reise- und Tourismussektor und in der AutovermietunUnd Smartphone-Anwendungen in Finanzsystemen, Affiliationen und anderen<\/p>\n","protected":false},"author":1,"featured_media":0,"parent":0,"menu_order":0,"comment_status":"closed","ping_status":"closed","template":"","meta":{"footnotes":""},"class_list":["post-7759","page","type-page","status-publish","hentry"],"_links":{"self":[{"href":"https:\/\/icom-digital.net\/de\/wp-json\/wp\/v2\/pages\/7759","targetHints":{"allow":["GET"]}}],"collection":[{"href":"https:\/\/icom-digital.net\/de\/wp-json\/wp\/v2\/pages"}],"about":[{"href":"https:\/\/icom-digital.net\/de\/wp-json\/wp\/v2\/types\/page"}],"author":[{"embeddable":true,"href":"https:\/\/icom-digital.net\/de\/wp-json\/wp\/v2\/users\/1"}],"replies":[{"embeddable":true,"href":"https:\/\/icom-digital.net\/de\/wp-json\/wp\/v2\/comments?post=7759"}],"version-history":[{"count":7,"href":"https:\/\/icom-digital.net\/de\/wp-json\/wp\/v2\/pages\/7759\/revisions"}],"predecessor-version":[{"id":10073,"href":"https:\/\/icom-digital.net\/de\/wp-json\/wp\/v2\/pages\/7759\/revisions\/10073"}],"wp:attachment":[{"href":"https:\/\/icom-digital.net\/de\/wp-json\/wp\/v2\/media?parent=7759"}],"curies":[{"name":"wp","href":"https:\/\/api.w.org\/{rel}","templated":true}]}}